{"id":8569,"date":"2021-05-14T12:12:07","date_gmt":"2021-05-14T12:12:07","guid":{"rendered":"https:\/\/askka.qodeinteractive.com\/?page_id=27"},"modified":"2026-02-20T17:05:17","modified_gmt":"2026-02-20T17:05:17","slug":"icoone","status":"publish","type":"page","link":"https:\/\/skinlifeclinic.ee\/et\/icoone\/","title":{"rendered":"icoone laser med"},"content":{"rendered":"<div data-elementor-type=\"wp-page\" data-elementor-id=\"8569\" class=\"elementor elementor-8569\">\n\t\t\t\t\t\t\t\t\t<section class=\"elementor-section elementor-top-section elementor-element elementor-element-60820fa elementor-section-full_width elementor-section-height-default elementor-section-height-default qodef-elementor-content-no\" data-id=\"60820fa\" data-element_type=\"section\">\n\t\t\t\t\t\t<div class=\"elementor-container elementor-column-gap-default\">\n\t\t\t\t\t<div class=\"elementor-column elementor-col-100 elementor-top-column elementor-element elementor-element-75472c3\" data-id=\"75472c3\" data-element_type=\"column\">\n\t\t\t<div class=\"elementor-widget-wrap elementor-element-populated\">\n\t\t\t\t\t\t\t\t<div class=\"elementor-element elementor-element-13d5200 elementor-widget elementor-widget-askka_core_section_title\" data-id=\"13d5200\" data-element_type=\"widget\" data-widget_type=\"askka_core_section_title.default\">\n\t\t\t\t<div class=\"elementor-widget-container\">\n\t\t\t<div class=\"qodef-shortcode qodef-m  qodef-section-title qodef-alignment--center\"  >\n\t\t<var class=\"qodef-m-background-text\" data-vertical-offset-3840=\"20\" data-vertical-offset-1024=\"20\" style=\"font-size: 90px;top: 20px;color: #C49758\">\n\t\t<span>icoone<\/span>\n\t<\/var>\n\t\t\t<h2 class=\"qodef-m-title\" >\n\t\t\t\t\ticoone laser med\t\t\t<\/h2>\n\t<\/div>\n\t\t<\/div>\n\t\t\t\t<\/div>\n\t\t\t\t\t<\/div>\n\t\t<\/div>\n\t\t\t\t\t\t\t<\/div>\n\t\t<\/section>\n\t\t\t\t<section class=\"elementor-section elementor-top-section elementor-element elementor-element-a053a43 elementor-section-full_width elementor-section-height-default elementor-section-height-default qodef-elementor-content-no\" data-id=\"a053a43\" data-element_type=\"section\">\n\t\t\t\t\t\t<div class=\"elementor-container elementor-column-gap-default\">\n\t\t\t\t\t<div class=\"elementor-column elementor-col-100 elementor-top-column elementor-element elementor-element-0a1c9a6\" data-id=\"0a1c9a6\" data-element_type=\"column\">\n\t\t\t<div class=\"elementor-widget-wrap elementor-element-populated\">\n\t\t\t\t\t\t\t\t<div class=\"elementor-element elementor-element-4c5eefd elementor-hidden-tablet elementor-hidden-mobile elementor-aspect-ratio-219 elementor-widget elementor-widget-video\" data-id=\"4c5eefd\" data-element_type=\"widget\" data-settings=\"{&quot;video_type&quot;:&quot;hosted&quot;,&quot;autoplay&quot;:&quot;yes&quot;,&quot;play_on_mobile&quot;:&quot;yes&quot;,&quot;mute&quot;:&quot;yes&quot;,&quot;loop&quot;:&quot;yes&quot;,&quot;aspect_ratio&quot;:&quot;219&quot;}\" data-widget_type=\"video.default\">\n\t\t\t\t<div class=\"elementor-widget-container\">\n\t\t\t<style>\/*! elementor - v3.6.5 - 27-04-2022 *\/\n.elementor-widget-video .elementor-widget-container{overflow:hidden;-webkit-transform:translateZ(0);transform:translateZ(0)}.elementor-widget-video .elementor-open-inline .elementor-custom-embed-image-overlay{position:absolute;top:0;left:0;width:100%;height:100%;background-size:cover;background-position:50%}.elementor-widget-video .elementor-custom-embed-image-overlay{cursor:pointer;text-align:center}.elementor-widget-video .elementor-custom-embed-image-overlay:hover .elementor-custom-embed-play i{opacity:1}.elementor-widget-video .elementor-custom-embed-image-overlay img{display:block;width:100%}.elementor-widget-video .e-hosted-video .elementor-video{-o-object-fit:cover;object-fit:cover}<\/style>\t\t<div class=\"e-hosted-video elementor-wrapper elementor-fit-aspect-ratio elementor-open-inline\">\n\t\t\t\t\t<video class=\"elementor-video\" src=\"https:\/\/skinlifeclinic.ee\/wp-content\/uploads\/2022\/11\/IMG_5812-2.mov\" autoplay=\"\" loop=\"\" muted=\"muted\" playsinline=\"\" controlslist=\"nodownload\"><\/video>\n\t\t\t\t<\/div>\n\t\t\t\t<\/div>\n\t\t\t\t<\/div>\n\t\t\t\t\t<\/div>\n\t\t<\/div>\n\t\t\t\t\t\t\t<\/div>\n\t\t<\/section>\n\t\t\t\t<section class=\"elementor-section elementor-top-section elementor-element elementor-element-eb7d8b7 elementor-section-boxed elementor-section-height-default elementor-section-height-default qodef-elementor-content-no\" data-id=\"eb7d8b7\" data-element_type=\"section\">\n\t\t\t\t\t\t<div class=\"elementor-container elementor-column-gap-default\">\n\t\t\t\t\t<div class=\"elementor-column elementor-col-100 elementor-top-column elementor-element elementor-element-3d3850d\" data-id=\"3d3850d\" data-element_type=\"column\" data-settings=\"{&quot;background_background&quot;:&quot;classic&quot;}\">\n\t\t\t<div class=\"elementor-widget-wrap elementor-element-populated\">\n\t\t\t\t\t\t\t\t<div class=\"elementor-element elementor-element-7a316f5 elementor-widget elementor-widget-askka_core_content_block\" data-id=\"7a316f5\" data-element_type=\"widget\" data-widget_type=\"askka_core_content_block.default\">\n\t\t\t\t<div class=\"elementor-widget-container\">\n\t\t\t<div class=\"qodef-shortcode qodef-m  qodef-content-block qodef-layout--text-beside  qodef-position--image-left\">\n\t<div class=\"qodef-m-image qodef-zoom-scroll\">\n\t\t\t<img decoding=\"async\" width=\"508\" height=\"508\" src=\"https:\/\/skinlifeclinic.ee\/wp-content\/uploads\/2021\/10\/05_lasermed_carousel_3.jpg\" class=\"attachment-full size-full\" alt=\"\" srcset=\"https:\/\/skinlifeclinic.ee\/wp-content\/uploads\/2021\/10\/05_lasermed_carousel_3.jpg 508w, https:\/\/skinlifeclinic.ee\/wp-content\/uploads\/2021\/10\/05_lasermed_carousel_3-300x300.jpg 300w, https:\/\/skinlifeclinic.ee\/wp-content\/uploads\/2021\/10\/05_lasermed_carousel_3-150x150.jpg 150w\" sizes=\"(max-width: 508px) 100vw, 508px\" \/>\t<\/div>\t<div class=\"qodef-m-content\"  >\n\t\t\t<h3 class=\"qodef-m-title\" >\n\t\t\tMIS ON ICOONE LASER MED?\t<\/h3>\n\t\t\t<p class=\"qodef-m-text\" >Icoone Laser - v\u00f5imas ja l\u00e4bimurdeline tehnoloogia n\u00e4o ja keha raviks.\n\nSee on uusima p\u00f5lvkonna vaakummassaa\u017e, mis v\u00f5imaldab t\u00e4pset t\u00f6\u00f6d sidekoes.\nLaserravi, m\u00f5jutades sidekoe toimimist, eemaldab t\u00f5husalt tselluliidi, kontuurib keha, pinguldab l\u00f5tvunud nahka, samuti v\u00e4hendab l\u00fcmfieemiat, arme ja lihasj\u00e4ikust.<\/p>\n\t\t<div class=\"qodef-m-icons\">\n\t\t\t\t\t\t\t\t\t\t\t\t\t\t\t\t<\/div>\n\t\t\t<\/div>\n<\/div>\n\t\t<\/div>\n\t\t\t\t<\/div>\n\t\t\t\t\t<\/div>\n\t\t<\/div>\n\t\t\t\t\t\t\t<\/div>\n\t\t<\/section>\n\t\t\t\t<section class=\"elementor-section elementor-top-section elementor-element elementor-element-fd6319e qodef-elementor-content-grid elementor-section-boxed elementor-section-height-default elementor-section-height-default\" data-id=\"fd6319e\" data-element_type=\"section\">\n\t\t\t\t\t\t<div class=\"elementor-container elementor-column-gap-default\">\n\t\t\t\t\t<div class=\"elementor-column elementor-col-50 elementor-top-column elementor-element elementor-element-f9fe846\" data-id=\"f9fe846\" data-element_type=\"column\">\n\t\t\t<div class=\"elementor-widget-wrap elementor-element-populated\">\n\t\t\t\t\t\t\t\t<div class=\"elementor-element elementor-element-e943230 elementor-widget elementor-widget-askka_core_single_image\" data-id=\"e943230\" data-element_type=\"widget\" data-widget_type=\"askka_core_single_image.default\">\n\t\t\t\t<div class=\"elementor-widget-container\">\n\t\t\t<div class=\"qodef-shortcode qodef-m  qodef-single-image qodef-layout--default\">\n\t<div class=\"qodef-m-image\">\n\t\t\t<img decoding=\"async\" width=\"800\" height=\"1003\" src=\"https:\/\/skinlifeclinic.ee\/wp-content\/uploads\/2021\/10\/smt_1603111447-e1635328482981.png\" class=\"attachment-full size-full\" alt=\"\" \/>\t<\/div>\n<\/div>\n\t\t<\/div>\n\t\t\t\t<\/div>\n\t\t\t\t<div class=\"elementor-element elementor-element-6794eb3 elementor-widget elementor-widget-askka_core_section_title\" data-id=\"6794eb3\" data-element_type=\"widget\" data-widget_type=\"askka_core_section_title.default\">\n\t\t\t\t<div class=\"elementor-widget-container\">\n\t\t\t<div class=\"qodef-shortcode qodef-m  qodef-section-title qodef-alignment--center\"  >\n\t\t\t\t<h4 class=\"qodef-m-title\" style=\"margin-top: 9px\">\n\t\t\t\t\tKUI PALJU PROTSEDUURE ON VAJA SOOVITUD M\u00d5JU SAAVUTAMISEKS?\t\t\t<\/h4>\n\t\t<p class=\"qodef-m-text\" style=\"margin-top: 16px\">Tulemused on n\u00e4htavad juba p\u00e4rast esimest hooldust. Parimate tulemuste ja pikaajalise m\u00f5ju saavutamiseks on oluline l\u00e4bida terve ts\u00fckkel, mis on 10 seanssi, kaks kuni kolm seanssi n\u00e4dalas nelja n\u00e4dala jooksul. Seej\u00e4rel piisab tulemuste s\u00e4ilitamiseks \u00fchest kuni kahest seansist kuus.\n<\/p>\n<\/div>\n\t\t<\/div>\n\t\t\t\t<\/div>\n\t\t\t\t\t<\/div>\n\t\t<\/div>\n\t\t\t\t<div class=\"elementor-column elementor-col-50 elementor-top-column elementor-element elementor-element-30bb7fd\" data-id=\"30bb7fd\" data-element_type=\"column\">\n\t\t\t<div class=\"elementor-widget-wrap elementor-element-populated\">\n\t\t\t\t\t\t\t\t<div class=\"elementor-element elementor-element-9b3fc6a elementor-widget elementor-widget-askka_core_stacked_images\" data-id=\"9b3fc6a\" data-element_type=\"widget\" data-widget_type=\"askka_core_stacked_images.default\">\n\t\t\t\t<div class=\"elementor-widget-container\">\n\t\t\t<div class=\"qodef-shortcode qodef-m  qodef-stacked-images qodef-layout--default qodef-stack--bottom-left\">\n\t<div class=\"qodef-m-images\">\n\t\t\t\t\t<img decoding=\"async\" width=\"990\" height=\"1485\" src=\"https:\/\/skinlifeclinic.ee\/wp-content\/uploads\/2021\/10\/Treatment_Robotwins_2_5f182538a996e.jpeg\" class=\"qodef-e-image qodef--main qodef-parallax-item\" alt=\"\" srcset=\"https:\/\/skinlifeclinic.ee\/wp-content\/uploads\/2021\/10\/Treatment_Robotwins_2_5f182538a996e.jpeg 990w, https:\/\/skinlifeclinic.ee\/wp-content\/uploads\/2021\/10\/Treatment_Robotwins_2_5f182538a996e-200x300.jpeg 200w, https:\/\/skinlifeclinic.ee\/wp-content\/uploads\/2021\/10\/Treatment_Robotwins_2_5f182538a996e-683x1024.jpeg 683w, https:\/\/skinlifeclinic.ee\/wp-content\/uploads\/2021\/10\/Treatment_Robotwins_2_5f182538a996e-768x1152.jpeg 768w\" sizes=\"(max-width: 990px) 100vw, 990px\" \/>\t\t\t\t\t\t\t<img decoding=\"async\" width=\"508\" height=\"508\" src=\"https:\/\/skinlifeclinic.ee\/wp-content\/uploads\/2021\/10\/05_lasermed_carousel_6.jpg\" class=\"qodef-e-image qodef--stack qodef-parallax-item\" alt=\"\" srcset=\"https:\/\/skinlifeclinic.ee\/wp-content\/uploads\/2021\/10\/05_lasermed_carousel_6.jpg 508w, https:\/\/skinlifeclinic.ee\/wp-content\/uploads\/2021\/10\/05_lasermed_carousel_6-300x300.jpg 300w, https:\/\/skinlifeclinic.ee\/wp-content\/uploads\/2021\/10\/05_lasermed_carousel_6-150x150.jpg 150w\" sizes=\"(max-width: 508px) 100vw, 508px\" \/>\t\t\t<\/div>\n<\/div>\n\t\t<\/div>\n\t\t\t\t<\/div>\n\t\t\t\t\t<\/div>\n\t\t<\/div>\n\t\t\t\t\t\t\t<\/div>\n\t\t<\/section>\n\t\t\t\t<section class=\"elementor-section elementor-top-section elementor-element elementor-element-31f56ab elementor-section-boxed elementor-section-height-default elementor-section-height-default qodef-elementor-content-no\" data-id=\"31f56ab\" data-element_type=\"section\">\n\t\t\t\t\t\t<div class=\"elementor-container elementor-column-gap-default\">\n\t\t\t\t\t<div class=\"elementor-column elementor-col-100 elementor-top-column elementor-element elementor-element-26ec5e1\" data-id=\"26ec5e1\" data-element_type=\"column\">\n\t\t\t<div class=\"elementor-widget-wrap elementor-element-populated\">\n\t\t\t\t\t\t\t\t<div class=\"elementor-element elementor-element-1188ab3 elementor-widget elementor-widget-askka_core_content_block\" data-id=\"1188ab3\" data-element_type=\"widget\" data-widget_type=\"askka_core_content_block.default\">\n\t\t\t\t<div class=\"elementor-widget-container\">\n\t\t\t<div class=\"qodef-shortcode qodef-m  qodef-content-block qodef-layout--text-beside  qodef-position--image-left\">\n\t<div class=\"qodef-m-image qodef-zoom-scroll\">\n\t\t\t<img decoding=\"async\" src=\"https:\/\/skinlifeclinic.ee\/wp-content\/uploads\/2021\/10\/anti-aging-500x400.jpg\" alt=\"\" width=\"500\" height=\"400\" data-ratio=\"1.25\" \/>\t<\/div>\t<div class=\"qodef-m-content\" style=\"background-color: #FFFFFF78\" >\n\t\t\t<h3 class=\"qodef-m-title\" style=\"color: #000000\">\n\t\t\tICOONE N\u00c4OHOOLDUS\t<\/h3>\n\t\t\t<p class=\"qodef-m-text\" style=\"color: #000000\">N\u00e4ohooldus, mida tehakse otse nahale, kasutades selleks etten\u00e4htud pead. N\u00e4oprogrammid t\u00f5stavad teie nahka, parandavad n\u00e4okontuure, v\u00e4hendavad rasva ladestumist l\u00f5ual, v\u00e4hendavad kortse, stimuleerivad fibroblaste elastiini ja kollageeni s\u00fcnteesi. ICOONE parandab huulte kontuuri, pinguldab nahka ja parandab selle toonust.<\/p>\n\t\t<div class=\"qodef-m-icons\">\n\t\t\t\t\t\t\t\t\t\t\t\t\t\t\t\t<\/div>\n\t\t\t<\/div>\n<\/div>\n\t\t<\/div>\n\t\t\t\t<\/div>\n\t\t\t\t<div class=\"elementor-element elementor-element-da4d356 elementor-widget elementor-widget-askka_core_content_block\" data-id=\"da4d356\" data-element_type=\"widget\" data-widget_type=\"askka_core_content_block.default\">\n\t\t\t\t<div class=\"elementor-widget-container\">\n\t\t\t<div class=\"qodef-shortcode qodef-m  qodef-content-block qodef-layout--text-beside  qodef-position--image-right\">\n\t<div class=\"qodef-m-image qodef-zoom-scroll\">\n\t\t\t<img decoding=\"async\" src=\"https:\/\/skinlifeclinic.ee\/wp-content\/uploads\/2021\/10\/83099ad166a8dc9e8e2c8376bff3cb30-500x400.jpg\" alt=\"\" width=\"500\" height=\"400\" data-ratio=\"1.25\" \/>\t<\/div>\t<div class=\"qodef-m-content\"  >\n\t\t\t<h3 class=\"qodef-m-title\" style=\"color: #000000\">\n\t\t\tICOONE SAAB PARANDADA: \t<\/h3>\n\t\t\t<p class=\"qodef-m-text\" style=\"color: #010101\">Tselluliit;\n<br>Lokaalne rasvumine;\n<br>Naha l\u00f5tvus;\n<br>Vananemisvastane nahahooldus; \n<br>Naha pinguldamine; \n<br>Ringluse parandamine; \n<br>L\u00fcmfidrenaa\u017e; \n<br>Immuuns\u00fcsteemi tugevdaja;\n<br>Armid, fibroosid ja adhesioonid; \n<br>Kiirendab paranemisprotsessi ja hoiab \u00e4ra hiljutiste p\u00f5letuste v\u00f5i armide t\u00fcsistused; \n<br>Enne ja p\u00e4rast operatsiooni; \n<br>Rehabilitatsioon senoloogias;\n<br>Veenipuudulikkus ja l\u00fcmf\u00f6deem.\n<\/p>\n\t\t<div class=\"qodef-m-icons\">\n\t\t\t\t\t\t\t\t\t\t\t\t\t\t\t\t<\/div>\n\t\t\t<\/div>\n<\/div>\n\t\t<\/div>\n\t\t\t\t<\/div>\n\t\t\t\t\t<\/div>\n\t\t<\/div>\n\t\t\t\t\t\t\t<\/div>\n\t\t<\/section>\n\t\t\t\t<section class=\"elementor-section elementor-top-section elementor-element elementor-element-2bc4cf4 elementor-section-boxed elementor-section-height-default elementor-section-height-default qodef-elementor-content-no\" data-id=\"2bc4cf4\" data-element_type=\"section\">\n\t\t\t\t\t\t<div class=\"elementor-container elementor-column-gap-default\">\n\t\t\t\t\t<div class=\"elementor-column elementor-col-100 elementor-top-column elementor-element elementor-element-59bcf63\" data-id=\"59bcf63\" data-element_type=\"column\">\n\t\t\t<div class=\"elementor-widget-wrap elementor-element-populated\">\n\t\t\t\t\t\t\t\t<div class=\"elementor-element elementor-element-fda5851 elementor-widget elementor-widget-askka_core_content_block\" data-id=\"fda5851\" data-element_type=\"widget\" data-widget_type=\"askka_core_content_block.default\">\n\t\t\t\t<div class=\"elementor-widget-container\">\n\t\t\t<div class=\"qodef-shortcode qodef-m  qodef-content-block qodef-layout--text-beside  qodef-position--image-left\">\n\t<div class=\"qodef-m-image qodef-zoom-scroll\">\n\t\t\t<img decoding=\"async\" src=\"https:\/\/skinlifeclinic.ee\/wp-content\/uploads\/2021\/11\/ICOONE-12-ottobre-20207131-500x400.jpg\" alt=\"\" width=\"500\" height=\"400\" data-ratio=\"1.25\" \/>\t<\/div>\t<div class=\"qodef-m-content\" style=\"background-color: #FFFFFF78\" >\n\t\t\t<h3 class=\"qodef-m-title\" style=\"color: #000000\">\n\t\t\t40 programmi (millest 20 on meditsiinilised)\t<\/h3>\n\t\t\t<p class=\"qodef-m-text\" style=\"color: #000000\">\u00dclakeha (k\u00f5hu, rindkere, \u00f5lgade) \u00fcmberkujundamine. <br>\nVasikate, p\u00f5lvede vormimine, pinguldamine, l\u00fcmfisoide, salenemine<br>\nK\u00f5hu salenemine, k\u00f5hu rasvade eemaldamine<br>\nPinguldamine, k\u00f5hu v\u00e4hendamine p\u00e4rast rasedust<br>\nRelvade \"pelikani\" eemaldamine<br>\nSalendavad, modelleerivad reied, p\u00f6\u00f6rates erilist t\u00e4helepanu sisek\u00fcljele \/ v\u00e4lisk\u00fcljele\n<\/p>\n\t\t<div class=\"qodef-m-icons\">\n\t\t\t\t\t\t\t\t\t\t\t\t\t\t\t\t<\/div>\n\t\t\t<\/div>\n<\/div>\n\t\t<\/div>\n\t\t\t\t<\/div>\n\t\t\t\t\t<\/div>\n\t\t<\/div>\n\t\t\t\t\t\t\t<\/div>\n\t\t<\/section>\n\t\t\t\t<section class=\"elementor-section elementor-top-section elementor-element elementor-element-951b1f2 elementor-section-boxed elementor-section-height-default elementor-section-height-default qodef-elementor-content-no\" data-id=\"951b1f2\" data-element_type=\"section\">\n\t\t\t\t\t\t<div class=\"elementor-container elementor-column-gap-default\">\n\t\t\t\t\t<div class=\"elementor-column elementor-col-100 elementor-top-column elementor-element elementor-element-e18dd4f\" data-id=\"e18dd4f\" data-element_type=\"column\">\n\t\t\t<div class=\"elementor-widget-wrap elementor-element-populated\">\n\t\t\t\t\t\t\t\t<div class=\"elementor-element elementor-element-d606584 elementor-widget elementor-widget-askka_core_content_block\" data-id=\"d606584\" data-element_type=\"widget\" data-widget_type=\"askka_core_content_block.default\">\n\t\t\t\t<div class=\"elementor-widget-container\">\n\t\t\t<div class=\"qodef-shortcode qodef-m  qodef-content-block qodef-layout--text-beside  qodef-position--image-right\">\n\t<div class=\"qodef-m-image qodef-zoom-scroll\">\n\t\t\t<img decoding=\"async\" src=\"https:\/\/skinlifeclinic.ee\/wp-content\/uploads\/2021\/11\/unnamed-500x400.jpg\" alt=\"\" width=\"500\" height=\"400\" data-ratio=\"1.25\" \/>\t<\/div>\t<div class=\"qodef-m-content\"  >\n\t\t\t<h3 class=\"qodef-m-title\" style=\"color: #000000\">\n\t\t\tTulemused\t<\/h3>\n\t\t\t<p class=\"qodef-m-text\" style=\"color: #010101\">Tulemused on n\u00e4htavad juba p\u00e4rast esimest hooldust. <br>Parimate tulemuste saavutamiseks ja ravi pikaajalise m\u00f5ju saavutamiseks on oluline l\u00e4bida terve ts\u00fckkel, mis on 10 seanssi, kaks kuni kolm seanssi n\u00e4dalas nelja n\u00e4dala jooksul. <\/p>\n\t\t<div class=\"qodef-m-icons\">\n\t\t\t\t\t\t\t\t\t\t\t\t\t\t\t\t<\/div>\n\t\t\t<\/div>\n<\/div>\n\t\t<\/div>\n\t\t\t\t<\/div>\n\t\t\t\t\t<\/div>\n\t\t<\/div>\n\t\t\t\t\t\t\t<\/div>\n\t\t<\/section>\n\t\t\t\t\t\t\t<\/div>","protected":false},"excerpt":{"rendered":"<p>icoone icoone laser med https:\/\/skinlifeclinic.ee\/wp-content\/uploads\/2022\/11\/IMG_5812-2.mov WHAT IS ICOONE LASER TREATMENT? Icoone Laser \u2013 Powerful and Breakthrough Technology for Face and Body Treatment. It is the newest generation of vacuum massage which allows precized work on connective tissue. Laser treatment by affecting the functioning of connective tissue effectively remove cellulite, contour the body, tighten the loose [&hellip;]<\/p>","protected":false},"author":1,"featured_media":8862,"parent":0,"menu_order":0,"comment_status":"closed","ping_status":"closed","template":"page-full-width.php","meta":{"footnotes":""},"class_list":["post-8569","page","type-page","status-publish","has-post-thumbnail","hentry"],"yoast_head":"<!-- This site is optimized with the Yoast SEO plugin v19.9 - https:\/\/yoast.com\/wordpress\/plugins\/seo\/ -->\n<title>icoone laser med - Skin Life Clinic<\/title>\n<meta name=\"robots\" content=\"index, follow, max-snippet:-1, max-image-preview:large, max-video-preview:-1\" \/>\n<link rel=\"canonical\" href=\"https:\/\/skinlifeclinic.ee\/et\/icoone\/\" \/>\n<meta property=\"og:locale\" content=\"et_EE\" \/>\n<meta property=\"og:type\" content=\"article\" \/>\n<meta property=\"og:title\" content=\"icoone laser med - Skin Life Clinic\" \/>\n<meta property=\"og:description\" content=\"icoone icoone laser med https:\/\/skinlifeclinic.ee\/wp-content\/uploads\/2022\/11\/IMG_5812-2.mov WHAT IS ICOONE LASER TREATMENT? Icoone Laser \u2013 Powerful and Breakthrough Technology for Face and Body Treatment. It is the newest generation of vacuum massage which allows precized work on connective tissue. Laser treatment by affecting the functioning of connective tissue effectively remove cellulite, contour the body, tighten the loose [&hellip;]\" \/>\n<meta property=\"og:url\" content=\"https:\/\/skinlifeclinic.ee\/et\/icoone\/\" \/>\n<meta property=\"og:site_name\" content=\"Skin Life Clinic\" \/>\n<meta property=\"article:modified_time\" content=\"2026-02-20T17:05:17+00:00\" \/>\n<meta property=\"og:image\" content=\"https:\/\/skinlifeclinic.ee\/wp-content\/uploads\/2021\/10\/smt_1603111447-e1635328482981.png\" \/>\n\t<meta property=\"og:image:width\" content=\"800\" \/>\n\t<meta property=\"og:image:height\" content=\"1003\" \/>\n\t<meta property=\"og:image:type\" content=\"image\/png\" \/>\n<meta name=\"twitter:card\" content=\"summary_large_image\" \/>\n<meta name=\"twitter:label1\" content=\"Est. reading time\" \/>\n\t<meta name=\"twitter:data1\" content=\"4 minutit\" \/>\n<script type=\"application\/ld+json\" class=\"yoast-schema-graph\">{\"@context\":\"https:\/\/schema.org\",\"@graph\":[{\"@type\":\"WebPage\",\"@id\":\"https:\/\/skinlifeclinic.ee\/icoone\/\",\"url\":\"https:\/\/skinlifeclinic.ee\/icoone\/\",\"name\":\"icoone laser med - Skin Life Clinic\",\"isPartOf\":{\"@id\":\"https:\/\/skinlifeclinic.ee\/#website\"},\"datePublished\":\"2021-05-14T12:12:07+00:00\",\"dateModified\":\"2026-02-20T17:05:17+00:00\",\"breadcrumb\":{\"@id\":\"https:\/\/skinlifeclinic.ee\/icoone\/#breadcrumb\"},\"inLanguage\":\"et\",\"potentialAction\":[{\"@type\":\"ReadAction\",\"target\":[\"https:\/\/skinlifeclinic.ee\/icoone\/\"]}]},{\"@type\":\"BreadcrumbList\",\"@id\":\"https:\/\/skinlifeclinic.ee\/icoone\/#breadcrumb\",\"itemListElement\":[{\"@type\":\"ListItem\",\"position\":1,\"name\":\"\u0413\u043b\u0430\u0432\u043d\u0430\u044f \u0441\u0442\u0440\u0430\u043d\u0438\u0446\u0430\",\"item\":\"https:\/\/skinlifeclinic.ee\/\"},{\"@type\":\"ListItem\",\"position\":2,\"name\":\"icoone laser med\"}]},{\"@type\":\"WebSite\",\"@id\":\"https:\/\/skinlifeclinic.ee\/#website\",\"url\":\"https:\/\/skinlifeclinic.ee\/\",\"name\":\"Skin Life Clinic\",\"description\":\"beauty clinic\",\"publisher\":{\"@id\":\"https:\/\/skinlifeclinic.ee\/#organization\"},\"potentialAction\":[{\"@type\":\"SearchAction\",\"target\":{\"@type\":\"EntryPoint\",\"urlTemplate\":\"https:\/\/skinlifeclinic.ee\/?s={search_term_string}\"},\"query-input\":\"required name=search_term_string\"}],\"inLanguage\":\"et\"},{\"@type\":\"Organization\",\"@id\":\"https:\/\/skinlifeclinic.ee\/#organization\",\"name\":\"Skin Life Clinic\",\"url\":\"https:\/\/skinlifeclinic.ee\/\",\"logo\":{\"@type\":\"ImageObject\",\"inLanguage\":\"et\",\"@id\":\"https:\/\/skinlifeclinic.ee\/#\/schema\/logo\/image\/\",\"url\":\"https:\/\/skinlifeclinic.ee\/wp-content\/uploads\/2021\/10\/logo18.10.2021.png\",\"contentUrl\":\"https:\/\/skinlifeclinic.ee\/wp-content\/uploads\/2021\/10\/logo18.10.2021.png\",\"width\":2100,\"height\":1500,\"caption\":\"Skin Life Clinic\"},\"image\":{\"@id\":\"https:\/\/skinlifeclinic.ee\/#\/schema\/logo\/image\/\"}}]}<\/script>\n<!-- \/ Yoast SEO plugin. -->","yoast_head_json":{"title":"icoone laser med - Skin Life Clinic","robots":{"index":"index","follow":"follow","max-snippet":"max-snippet:-1","max-image-preview":"max-image-preview:large","max-video-preview":"max-video-preview:-1"},"canonical":"https:\/\/skinlifeclinic.ee\/et\/icoone\/","og_locale":"et_EE","og_type":"article","og_title":"icoone laser med - Skin Life Clinic","og_description":"icoone icoone laser med https:\/\/skinlifeclinic.ee\/wp-content\/uploads\/2022\/11\/IMG_5812-2.mov WHAT IS ICOONE LASER TREATMENT? Icoone Laser \u2013 Powerful and Breakthrough Technology for Face and Body Treatment. It is the newest generation of vacuum massage which allows precized work on connective tissue. Laser treatment by affecting the functioning of connective tissue effectively remove cellulite, contour the body, tighten the loose [&hellip;]","og_url":"https:\/\/skinlifeclinic.ee\/et\/icoone\/","og_site_name":"Skin Life Clinic","article_modified_time":"2026-02-20T17:05:17+00:00","og_image":[{"width":800,"height":1003,"url":"https:\/\/skinlifeclinic.ee\/wp-content\/uploads\/2021\/10\/smt_1603111447-e1635328482981.png","type":"image\/png"}],"twitter_card":"summary_large_image","twitter_misc":{"Est. reading time":"4 minutit"},"schema":{"@context":"https:\/\/schema.org","@graph":[{"@type":"WebPage","@id":"https:\/\/skinlifeclinic.ee\/icoone\/","url":"https:\/\/skinlifeclinic.ee\/icoone\/","name":"icoone laser med - Skin Life Clinic","isPartOf":{"@id":"https:\/\/skinlifeclinic.ee\/#website"},"datePublished":"2021-05-14T12:12:07+00:00","dateModified":"2026-02-20T17:05:17+00:00","breadcrumb":{"@id":"https:\/\/skinlifeclinic.ee\/icoone\/#breadcrumb"},"inLanguage":"et","potentialAction":[{"@type":"ReadAction","target":["https:\/\/skinlifeclinic.ee\/icoone\/"]}]},{"@type":"BreadcrumbList","@id":"https:\/\/skinlifeclinic.ee\/icoone\/#breadcrumb","itemListElement":[{"@type":"ListItem","position":1,"name":"\u0413\u043b\u0430\u0432\u043d\u0430\u044f \u0441\u0442\u0440\u0430\u043d\u0438\u0446\u0430","item":"https:\/\/skinlifeclinic.ee\/"},{"@type":"ListItem","position":2,"name":"icoone laser med"}]},{"@type":"WebSite","@id":"https:\/\/skinlifeclinic.ee\/#website","url":"https:\/\/skinlifeclinic.ee\/","name":"Skin Life Clinic","description":"beauty clinic","publisher":{"@id":"https:\/\/skinlifeclinic.ee\/#organization"},"potentialAction":[{"@type":"SearchAction","target":{"@type":"EntryPoint","urlTemplate":"https:\/\/skinlifeclinic.ee\/?s={search_term_string}"},"query-input":"required name=search_term_string"}],"inLanguage":"et"},{"@type":"Organization","@id":"https:\/\/skinlifeclinic.ee\/#organization","name":"Skin Life Clinic","url":"https:\/\/skinlifeclinic.ee\/","logo":{"@type":"ImageObject","inLanguage":"et","@id":"https:\/\/skinlifeclinic.ee\/#\/schema\/logo\/image\/","url":"https:\/\/skinlifeclinic.ee\/wp-content\/uploads\/2021\/10\/logo18.10.2021.png","contentUrl":"https:\/\/skinlifeclinic.ee\/wp-content\/uploads\/2021\/10\/logo18.10.2021.png","width":2100,"height":1500,"caption":"Skin Life Clinic"},"image":{"@id":"https:\/\/skinlifeclinic.ee\/#\/schema\/logo\/image\/"}}]}},"_links":{"self":[{"href":"https:\/\/skinlifeclinic.ee\/et\/wp-json\/wp\/v2\/pages\/8569","targetHints":{"allow":["GET"]}}],"collection":[{"href":"https:\/\/skinlifeclinic.ee\/et\/wp-json\/wp\/v2\/pages"}],"about":[{"href":"https:\/\/skinlifeclinic.ee\/et\/wp-json\/wp\/v2\/types\/page"}],"author":[{"embeddable":true,"href":"https:\/\/skinlifeclinic.ee\/et\/wp-json\/wp\/v2\/users\/1"}],"replies":[{"embeddable":true,"href":"https:\/\/skinlifeclinic.ee\/et\/wp-json\/wp\/v2\/comments?post=8569"}],"version-history":[{"count":160,"href":"https:\/\/skinlifeclinic.ee\/et\/wp-json\/wp\/v2\/pages\/8569\/revisions"}],"predecessor-version":[{"id":20624,"href":"https:\/\/skinlifeclinic.ee\/et\/wp-json\/wp\/v2\/pages\/8569\/revisions\/20624"}],"wp:featuredmedia":[{"embeddable":true,"href":"https:\/\/skinlifeclinic.ee\/et\/wp-json\/wp\/v2\/media\/8862"}],"wp:attachment":[{"href":"https:\/\/skinlifeclinic.ee\/et\/wp-json\/wp\/v2\/media?parent=8569"}],"curies":[{"name":"wp","href":"https:\/\/api.w.org\/{rel}","templated":true}]}}