{"id":18834,"date":"2025-08-29T09:22:12","date_gmt":"2025-08-29T09:22:12","guid":{"rendered":"https:\/\/skinlifeclinic.ee\/?page_id=18834"},"modified":"2025-08-29T09:43:00","modified_gmt":"2025-08-29T09:43:00","slug":"placet-credit","status":"publish","type":"page","link":"https:\/\/skinlifeclinic.ee\/et\/placet-credit\/","title":{"rendered":"Placet J\u00e4relmaks"},"content":{"rendered":"<div data-elementor-type=\"wp-page\" data-elementor-id=\"18834\" class=\"elementor elementor-18834\">\n\t\t\t\t\t\t\t\t\t<section class=\"elementor-section elementor-top-section elementor-element elementor-element-18686b4 elementor-section-full_width elementor-section-stretched elementor-section-height-default elementor-section-height-default qodef-elementor-content-no\" data-id=\"18686b4\" data-element_type=\"section\" data-settings=\"{&quot;stretch_section&quot;:&quot;section-stretched&quot;}\">\n\t\t\t\t\t\t<div class=\"elementor-container elementor-column-gap-default\">\n\t\t\t\t\t<div class=\"elementor-column elementor-col-100 elementor-top-column elementor-element elementor-element-9ec3efd\" data-id=\"9ec3efd\" data-element_type=\"column\">\n\t\t\t<div class=\"elementor-widget-wrap elementor-element-populated\">\n\t\t\t\t\t\t\t\t<div class=\"elementor-element elementor-element-3fe8457 elementor-widget elementor-widget-askka_core_section_title\" data-id=\"3fe8457\" data-element_type=\"widget\" data-widget_type=\"askka_core_section_title.default\">\n\t\t\t\t<div class=\"elementor-widget-container\">\n\t\t\t<div class=\"qodef-shortcode qodef-m  qodef-section-title qodef-alignment--center\"  >\n\t\t<var class=\"qodef-m-background-text\"  style=\"font-size: 100px;color: #FFA500\">\n\t\t<span>prices.<\/span>\n\t<\/var>\n\t\t\t<h4 class=\"qodef-m-title\" >\n\t\t\t\t\tPlacet J\u00e4relmaks\t\t\t<\/h4>\n\t\t<p class=\"qodef-m-text\" >Placet J\u00e4relmaks - V\u00f5ta maksmiseks rohkem aega!<\/p>\n<\/div>\n\t\t<\/div>\n\t\t\t\t<\/div>\n\t\t\t\t<div class=\"elementor-element elementor-element-d95b48f elementor-widget elementor-widget-image\" data-id=\"d95b48f\" data-element_type=\"widget\" data-widget_type=\"image.default\">\n\t\t\t\t<div class=\"elementor-widget-container\">\n\t\t\t<style>\/*! elementor - v3.6.5 - 27-04-2022 *\/\n.elementor-widget-image{text-align:center}.elementor-widget-image a{display:inline-block}.elementor-widget-image a img[src$=\".svg\"]{width:48px}.elementor-widget-image img{vertical-align:middle;display:inline-block}<\/style>\t\t\t\t\t\t\t\t\t\t\t\t<img decoding=\"async\" width=\"778\" height=\"240\" src=\"https:\/\/skinlifeclinic.ee\/wp-content\/uploads\/2025\/08\/installment-banner.jpeg\" class=\"attachment-full size-full\" alt=\"\" srcset=\"https:\/\/skinlifeclinic.ee\/wp-content\/uploads\/2025\/08\/installment-banner.jpeg 778w, https:\/\/skinlifeclinic.ee\/wp-content\/uploads\/2025\/08\/installment-banner-300x93.jpeg 300w, https:\/\/skinlifeclinic.ee\/wp-content\/uploads\/2025\/08\/installment-banner-768x237.jpeg 768w, https:\/\/skinlifeclinic.ee\/wp-content\/uploads\/2025\/08\/installment-banner-18x6.jpeg 18w\" sizes=\"(max-width: 778px) 100vw, 778px\" \/>\t\t\t\t\t\t\t\t\t\t\t\t\t\t\t<\/div>\n\t\t\t\t<\/div>\n\t\t\t\t\t<\/div>\n\t\t<\/div>\n\t\t\t\t\t\t\t<\/div>\n\t\t<\/section>\n\t\t\t\t<section class=\"elementor-section elementor-top-section elementor-element elementor-element-434ec5f elementor-section-full_width elementor-section-stretched elementor-section-height-default elementor-section-height-default qodef-elementor-content-no\" data-id=\"434ec5f\" data-element_type=\"section\" data-settings=\"{&quot;stretch_section&quot;:&quot;section-stretched&quot;}\">\n\t\t\t\t\t\t<div class=\"elementor-container elementor-column-gap-default\">\n\t\t\t\t\t<div class=\"elementor-column elementor-col-100 elementor-top-column elementor-element elementor-element-8b87394\" data-id=\"8b87394\" data-element_type=\"column\">\n\t\t\t<div class=\"elementor-widget-wrap elementor-element-populated\">\n\t\t\t\t\t\t\t\t<div class=\"elementor-element elementor-element-b8cd87d elementor-widget elementor-widget-text-editor\" data-id=\"b8cd87d\" data-element_type=\"widget\" data-widget_type=\"text-editor.default\">\n\t\t\t\t<div class=\"elementor-widget-container\">\n\t\t\t<style>\/*! elementor - v3.6.5 - 27-04-2022 *\/\n.elementor-widget-text-editor.elementor-drop-cap-view-stacked .elementor-drop-cap{background-color:#818a91;color:#fff}.elementor-widget-text-editor.elementor-drop-cap-view-framed .elementor-drop-cap{color:#818a91;border:3px solid;background-color:transparent}.elementor-widget-text-editor:not(.elementor-drop-cap-view-default) .elementor-drop-cap{margin-top:8px}.elementor-widget-text-editor:not(.elementor-drop-cap-view-default) .elementor-drop-cap-letter{width:1em;height:1em}.elementor-widget-text-editor .elementor-drop-cap{float:left;text-align:center;line-height:1;font-size:50px}.elementor-widget-text-editor .elementor-drop-cap-letter{display:inline-block}<\/style>\t\t\t\t<p>Enam ei pea kartma, et m\u00f5ni oluline asi j\u00e4\u00e4b ostmata!<\/p><p>Placet J\u00e4relmaks annab v\u00f5imaluse maksta vajalike toodete ja teenuste eest osade kaupa endale sobivas tempos - nii ei pea tegema korraga suurt v\u00e4ljaminekut.<\/p><p class=\" translation-block\">Ikka tuleb ette ootamatuid kulutusi, mille puhul ei ole aega oodata. Just sellises olukorras on mugav kasutada Placet j\u00e4relmaksu, mis v\u00f5imaldab osta vajalikke tooteid v\u00f5i teenuseid nii, et maksta saab osade kaupa kuni 72 kuud ning sissemakse on 0 \u20ac. K\u00f5lab ju suurep\u00e4raselt!<\/p><p>Kogu protsess on kiire ja mugav- Placet j\u00e4relmaksu taotluse t\u00e4itmiseks kulub vaid m\u00f5ned minutid.<\/p><p>J\u00e4relmaksu teenust v\u00f5ib kasutada mistahes vabalt valitud toote v\u00f5i teenuse eest tasumiseks ning kauba saab k\u00e4tte kohe p\u00e4rast lepingu allkirjastamist!<\/p>\t\t\t\t\t\t<\/div>\n\t\t\t\t<\/div>\n\t\t\t\t\t<\/div>\n\t\t<\/div>\n\t\t\t\t\t\t\t<\/div>\n\t\t<\/section>\n\t\t\t\t<section class=\"elementor-section elementor-top-section elementor-element elementor-element-3889f65 elementor-section-full_width elementor-section-stretched elementor-section-height-default elementor-section-height-default qodef-elementor-content-no\" data-id=\"3889f65\" data-element_type=\"section\" data-settings=\"{&quot;stretch_section&quot;:&quot;section-stretched&quot;}\">\n\t\t\t\t\t\t<div class=\"elementor-container elementor-column-gap-default\">\n\t\t\t\t\t<div class=\"elementor-column elementor-col-50 elementor-top-column elementor-element elementor-element-62c4a3e\" data-id=\"62c4a3e\" data-element_type=\"column\">\n\t\t\t<div class=\"elementor-widget-wrap elementor-element-populated\">\n\t\t\t\t\t\t\t\t<div class=\"elementor-element elementor-element-39163be elementor-widget elementor-widget-text-editor\" data-id=\"39163be\" data-element_type=\"widget\" data-widget_type=\"text-editor.default\">\n\t\t\t\t<div class=\"elementor-widget-container\">\n\t\t\t\t\t\t\t<p style=\"text-align: center;\" data-start=\"0\" data-end=\"29\"><strong>Placet J\u00e4relmaksu eelised<\/strong><\/p><ul><li style=\"text-align: center;\" data-start=\"32\" data-end=\"67\"><strong>Vormistamine kohapeal<\/strong><\/li><li style=\"text-align: center;\" data-start=\"70\" data-end=\"98\"><strong>Vastus 5 minutiga<\/strong><\/li><li style=\"text-align: center;\" data-start=\"101\" data-end=\"123\"><strong>Intressivaba periood<\/strong><\/li><\/ul>\t\t\t\t\t\t<\/div>\n\t\t\t\t<\/div>\n\t\t\t\t\t<\/div>\n\t\t<\/div>\n\t\t\t\t<div class=\"elementor-column elementor-col-50 elementor-top-column elementor-element elementor-element-79a1aa4\" data-id=\"79a1aa4\" data-element_type=\"column\">\n\t\t\t<div class=\"elementor-widget-wrap elementor-element-populated\">\n\t\t\t\t\t\t\t\t<div class=\"elementor-element elementor-element-7e24c79 elementor-widget elementor-widget-text-editor\" data-id=\"7e24c79\" data-element_type=\"widget\" data-widget_type=\"text-editor.default\">\n\t\t\t\t<div class=\"elementor-widget-container\">\n\t\t\t\t\t\t\t<p>\u00a0<\/p><ul><li style=\"text-align: center;\" data-start=\"126\" data-end=\"152\"><strong>Periood 1 kuni 72 kuud<\/strong><\/li><li style=\"text-align: center;\" data-start=\"155\" data-end=\"172\"><strong>Sissemakse 0%<\/strong><\/li><li style=\"text-align: center;\" data-start=\"175\" data-end=\"196\"><strong>50 \u20ac - 15 000 \u20ac<\/strong><\/li><\/ul>\t\t\t\t\t\t<\/div>\n\t\t\t\t<\/div>\n\t\t\t\t\t<\/div>\n\t\t<\/div>\n\t\t\t\t\t\t\t<\/div>\n\t\t<\/section>\n\t\t\t\t<section class=\"elementor-section elementor-top-section elementor-element elementor-element-d5c9cc6 elementor-section-full_width elementor-section-stretched elementor-section-height-default elementor-section-height-default qodef-elementor-content-no\" data-id=\"d5c9cc6\" data-element_type=\"section\" data-settings=\"{&quot;stretch_section&quot;:&quot;section-stretched&quot;}\">\n\t\t\t\t\t\t<div class=\"elementor-container elementor-column-gap-default\">\n\t\t\t\t\t<div class=\"elementor-column elementor-col-100 elementor-top-column elementor-element elementor-element-d58c128\" data-id=\"d58c128\" data-element_type=\"column\">\n\t\t\t<div class=\"elementor-widget-wrap elementor-element-populated\">\n\t\t\t\t\t\t\t\t<div class=\"elementor-element elementor-element-4fa35f8 elementor-widget elementor-widget-text-editor\" data-id=\"4fa35f8\" data-element_type=\"widget\" data-widget_type=\"text-editor.default\">\n\t\t\t\t<div class=\"elementor-widget-container\">\n\t\t\t\t\t\t\t<p>Kuidas taotleda Placet J\u00e4relmaksu?<\/p>\t\t\t\t\t\t<\/div>\n\t\t\t\t<\/div>\n\t\t\t\t\t<\/div>\n\t\t<\/div>\n\t\t\t\t\t\t\t<\/div>\n\t\t<\/section>\n\t\t\t\t<section class=\"elementor-section elementor-top-section elementor-element elementor-element-3605c37 elementor-section-full_width elementor-section-content-middle elementor-section-stretched elementor-section-height-default elementor-section-height-default qodef-elementor-content-no\" data-id=\"3605c37\" data-element_type=\"section\" data-settings=\"{&quot;stretch_section&quot;:&quot;section-stretched&quot;}\">\n\t\t\t\t\t\t<div class=\"elementor-container elementor-column-gap-default\">\n\t\t\t\t\t<div class=\"elementor-column elementor-col-100 elementor-top-column elementor-element elementor-element-3465d6e\" data-id=\"3465d6e\" data-element_type=\"column\">\n\t\t\t<div class=\"elementor-widget-wrap\">\n\t\t\t\t\t\t\t\t\t<\/div>\n\t\t<\/div>\n\t\t\t\t\t\t\t<\/div>\n\t\t<\/section>\n\t\t\t\t<section class=\"elementor-section elementor-top-section elementor-element elementor-element-b22e550 elementor-section-full_width elementor-section-content-middle elementor-section-stretched elementor-section-height-default elementor-section-height-default qodef-elementor-content-no\" data-id=\"b22e550\" data-element_type=\"section\" data-settings=\"{&quot;stretch_section&quot;:&quot;section-stretched&quot;}\">\n\t\t\t\t\t\t<div class=\"elementor-container elementor-column-gap-extended\">\n\t\t\t\t\t<div class=\"elementor-column elementor-col-100 elementor-top-column elementor-element elementor-element-bc16a9d\" data-id=\"bc16a9d\" data-element_type=\"column\">\n\t\t\t<div class=\"elementor-widget-wrap elementor-element-populated\">\n\t\t\t\t\t\t\t\t<div class=\"elementor-element elementor-element-7c5311f elementor-widget elementor-widget-spacer\" data-id=\"7c5311f\" data-element_type=\"widget\" data-widget_type=\"spacer.default\">\n\t\t\t\t<div class=\"elementor-widget-container\">\n\t\t\t<style>\/*! elementor - v3.6.5 - 27-04-2022 *\/\n.e-container.e-container--row .elementor-spacer-inner{width:var(--spacer-size)}.e-container.e-container--column .elementor-spacer-inner,.elementor-column .elementor-spacer-inner{height:var(--spacer-size)}<\/style>\t\t<div class=\"elementor-spacer\">\n\t\t\t<div class=\"elementor-spacer-inner\"><\/div>\n\t\t<\/div>\n\t\t\t\t<\/div>\n\t\t\t\t<\/div>\n\t\t\t\t\t<\/div>\n\t\t<\/div>\n\t\t\t\t\t\t\t<\/div>\n\t\t<\/section>\n\t\t\t\t\t\t\t<\/div>","protected":false},"excerpt":{"rendered":"<p>prices. Placet J\u00e4relmaks Placet J\u00e4relmaks \u2013 Take more time to pay! You no longer need to worry about missing out on something important! Placet Installment gives you the opportunity to pay for the products and services you need in parts, at a pace that suits you \u2013 so you don\u2019t have to make a big [&hellip;]<\/p>","protected":false},"author":1,"featured_media":0,"parent":0,"menu_order":0,"comment_status":"closed","ping_status":"closed","template":"","meta":{"footnotes":""},"class_list":["post-18834","page","type-page","status-publish","hentry"],"yoast_head":"<!-- This site is optimized with the Yoast SEO plugin v19.9 - https:\/\/yoast.com\/wordpress\/plugins\/seo\/ -->\n<title>Placet Credit - Skin Life Clinic<\/title>\n<meta name=\"robots\" content=\"index, follow, max-snippet:-1, max-image-preview:large, max-video-preview:-1\" \/>\n<link rel=\"canonical\" href=\"https:\/\/skinlifeclinic.ee\/et\/placet-credit\/\" \/>\n<meta property=\"og:locale\" content=\"et_EE\" \/>\n<meta property=\"og:type\" content=\"article\" \/>\n<meta property=\"og:title\" content=\"Placet Credit - Skin Life Clinic\" \/>\n<meta property=\"og:description\" content=\"prices. Placet J\u00e4relmaks Placet J\u00e4relmaks \u2013 Take more time to pay! You no longer need to worry about missing out on something important! Placet Installment gives you the opportunity to pay for the products and services you need in parts, at a pace that suits you \u2013 so you don\u2019t have to make a big [&hellip;]\" \/>\n<meta property=\"og:url\" content=\"https:\/\/skinlifeclinic.ee\/et\/placet-credit\/\" \/>\n<meta property=\"og:site_name\" content=\"Skin Life Clinic\" \/>\n<meta property=\"article:modified_time\" content=\"2025-08-29T09:43:00+00:00\" \/>\n<meta property=\"og:image\" content=\"https:\/\/skinlifeclinic.ee\/wp-content\/uploads\/2025\/08\/installment-banner.jpeg\" \/>\n<meta name=\"twitter:card\" content=\"summary_large_image\" \/>\n<meta name=\"twitter:label1\" content=\"Est. reading time\" \/>\n\t<meta name=\"twitter:data1\" content=\"2 minutit\" \/>\n<script type=\"application\/ld+json\" class=\"yoast-schema-graph\">{\"@context\":\"https:\/\/schema.org\",\"@graph\":[{\"@type\":\"WebPage\",\"@id\":\"https:\/\/skinlifeclinic.ee\/placet-credit\/\",\"url\":\"https:\/\/skinlifeclinic.ee\/placet-credit\/\",\"name\":\"Placet Credit - Skin Life Clinic\",\"isPartOf\":{\"@id\":\"https:\/\/skinlifeclinic.ee\/#website\"},\"datePublished\":\"2025-08-29T09:22:12+00:00\",\"dateModified\":\"2025-08-29T09:43:00+00:00\",\"breadcrumb\":{\"@id\":\"https:\/\/skinlifeclinic.ee\/placet-credit\/#breadcrumb\"},\"inLanguage\":\"et\",\"potentialAction\":[{\"@type\":\"ReadAction\",\"target\":[\"https:\/\/skinlifeclinic.ee\/placet-credit\/\"]}]},{\"@type\":\"BreadcrumbList\",\"@id\":\"https:\/\/skinlifeclinic.ee\/placet-credit\/#breadcrumb\",\"itemListElement\":[{\"@type\":\"ListItem\",\"position\":1,\"name\":\"\u0413\u043b\u0430\u0432\u043d\u0430\u044f \u0441\u0442\u0440\u0430\u043d\u0438\u0446\u0430\",\"item\":\"https:\/\/skinlifeclinic.ee\/\"},{\"@type\":\"ListItem\",\"position\":2,\"name\":\"Placet Credit\"}]},{\"@type\":\"WebSite\",\"@id\":\"https:\/\/skinlifeclinic.ee\/#website\",\"url\":\"https:\/\/skinlifeclinic.ee\/\",\"name\":\"Skin Life Clinic\",\"description\":\"beauty clinic\",\"publisher\":{\"@id\":\"https:\/\/skinlifeclinic.ee\/#organization\"},\"potentialAction\":[{\"@type\":\"SearchAction\",\"target\":{\"@type\":\"EntryPoint\",\"urlTemplate\":\"https:\/\/skinlifeclinic.ee\/?s={search_term_string}\"},\"query-input\":\"required name=search_term_string\"}],\"inLanguage\":\"et\"},{\"@type\":\"Organization\",\"@id\":\"https:\/\/skinlifeclinic.ee\/#organization\",\"name\":\"Skin Life Clinic\",\"url\":\"https:\/\/skinlifeclinic.ee\/\",\"logo\":{\"@type\":\"ImageObject\",\"inLanguage\":\"et\",\"@id\":\"https:\/\/skinlifeclinic.ee\/#\/schema\/logo\/image\/\",\"url\":\"https:\/\/skinlifeclinic.ee\/wp-content\/uploads\/2021\/10\/logo18.10.2021.png\",\"contentUrl\":\"https:\/\/skinlifeclinic.ee\/wp-content\/uploads\/2021\/10\/logo18.10.2021.png\",\"width\":2100,\"height\":1500,\"caption\":\"Skin Life Clinic\"},\"image\":{\"@id\":\"https:\/\/skinlifeclinic.ee\/#\/schema\/logo\/image\/\"}}]}<\/script>\n<!-- \/ Yoast SEO plugin. -->","yoast_head_json":{"title":"Placet Credit - Skin Life Clinic","robots":{"index":"index","follow":"follow","max-snippet":"max-snippet:-1","max-image-preview":"max-image-preview:large","max-video-preview":"max-video-preview:-1"},"canonical":"https:\/\/skinlifeclinic.ee\/et\/placet-credit\/","og_locale":"et_EE","og_type":"article","og_title":"Placet Credit - Skin Life Clinic","og_description":"prices. Placet J\u00e4relmaks Placet J\u00e4relmaks \u2013 Take more time to pay! You no longer need to worry about missing out on something important! Placet Installment gives you the opportunity to pay for the products and services you need in parts, at a pace that suits you \u2013 so you don\u2019t have to make a big [&hellip;]","og_url":"https:\/\/skinlifeclinic.ee\/et\/placet-credit\/","og_site_name":"Skin Life Clinic","article_modified_time":"2025-08-29T09:43:00+00:00","og_image":[{"url":"https:\/\/skinlifeclinic.ee\/wp-content\/uploads\/2025\/08\/installment-banner.jpeg"}],"twitter_card":"summary_large_image","twitter_misc":{"Est. reading time":"2 minutit"},"schema":{"@context":"https:\/\/schema.org","@graph":[{"@type":"WebPage","@id":"https:\/\/skinlifeclinic.ee\/placet-credit\/","url":"https:\/\/skinlifeclinic.ee\/placet-credit\/","name":"Placet Credit - Skin Life Clinic","isPartOf":{"@id":"https:\/\/skinlifeclinic.ee\/#website"},"datePublished":"2025-08-29T09:22:12+00:00","dateModified":"2025-08-29T09:43:00+00:00","breadcrumb":{"@id":"https:\/\/skinlifeclinic.ee\/placet-credit\/#breadcrumb"},"inLanguage":"et","potentialAction":[{"@type":"ReadAction","target":["https:\/\/skinlifeclinic.ee\/placet-credit\/"]}]},{"@type":"BreadcrumbList","@id":"https:\/\/skinlifeclinic.ee\/placet-credit\/#breadcrumb","itemListElement":[{"@type":"ListItem","position":1,"name":"\u0413\u043b\u0430\u0432\u043d\u0430\u044f \u0441\u0442\u0440\u0430\u043d\u0438\u0446\u0430","item":"https:\/\/skinlifeclinic.ee\/"},{"@type":"ListItem","position":2,"name":"Placet Credit"}]},{"@type":"WebSite","@id":"https:\/\/skinlifeclinic.ee\/#website","url":"https:\/\/skinlifeclinic.ee\/","name":"Skin Life Clinic","description":"beauty clinic","publisher":{"@id":"https:\/\/skinlifeclinic.ee\/#organization"},"potentialAction":[{"@type":"SearchAction","target":{"@type":"EntryPoint","urlTemplate":"https:\/\/skinlifeclinic.ee\/?s={search_term_string}"},"query-input":"required name=search_term_string"}],"inLanguage":"et"},{"@type":"Organization","@id":"https:\/\/skinlifeclinic.ee\/#organization","name":"Skin Life Clinic","url":"https:\/\/skinlifeclinic.ee\/","logo":{"@type":"ImageObject","inLanguage":"et","@id":"https:\/\/skinlifeclinic.ee\/#\/schema\/logo\/image\/","url":"https:\/\/skinlifeclinic.ee\/wp-content\/uploads\/2021\/10\/logo18.10.2021.png","contentUrl":"https:\/\/skinlifeclinic.ee\/wp-content\/uploads\/2021\/10\/logo18.10.2021.png","width":2100,"height":1500,"caption":"Skin Life Clinic"},"image":{"@id":"https:\/\/skinlifeclinic.ee\/#\/schema\/logo\/image\/"}}]}},"_links":{"self":[{"href":"https:\/\/skinlifeclinic.ee\/et\/wp-json\/wp\/v2\/pages\/18834","targetHints":{"allow":["GET"]}}],"collection":[{"href":"https:\/\/skinlifeclinic.ee\/et\/wp-json\/wp\/v2\/pages"}],"about":[{"href":"https:\/\/skinlifeclinic.ee\/et\/wp-json\/wp\/v2\/types\/page"}],"author":[{"embeddable":true,"href":"https:\/\/skinlifeclinic.ee\/et\/wp-json\/wp\/v2\/users\/1"}],"replies":[{"embeddable":true,"href":"https:\/\/skinlifeclinic.ee\/et\/wp-json\/wp\/v2\/comments?post=18834"}],"version-history":[{"count":20,"href":"https:\/\/skinlifeclinic.ee\/et\/wp-json\/wp\/v2\/pages\/18834\/revisions"}],"predecessor-version":[{"id":18862,"href":"https:\/\/skinlifeclinic.ee\/et\/wp-json\/wp\/v2\/pages\/18834\/revisions\/18862"}],"wp:attachment":[{"href":"https:\/\/skinlifeclinic.ee\/et\/wp-json\/wp\/v2\/media?parent=18834"}],"curies":[{"name":"wp","href":"https:\/\/api.w.org\/{rel}","templated":true}]}}