{"id":11200,"date":"2022-02-14T15:39:12","date_gmt":"2022-02-14T15:39:12","guid":{"rendered":"https:\/\/skinlifeclinic.ee\/?page_id=11200"},"modified":"2022-02-14T16:18:15","modified_gmt":"2022-02-14T16:18:15","slug":"jpx3-bio-prx-t33","status":"publish","type":"page","link":"https:\/\/skinlifeclinic.ee\/et\/jpx3-bio-prx-t33\/","title":{"rendered":"JPX3 BIO &#038; PRX-t33"},"content":{"rendered":"<div data-elementor-type=\"wp-page\" data-elementor-id=\"11200\" class=\"elementor elementor-11200\">\n\t\t\t\t\t\t\t\t\t<section class=\"elementor-section elementor-top-section elementor-element elementor-element-f0ac4f4 elementor-section-boxed elementor-section-height-default elementor-section-height-default qodef-elementor-content-no\" data-id=\"f0ac4f4\" data-element_type=\"section\">\n\t\t\t\t\t\t<div class=\"elementor-container elementor-column-gap-default\">\n\t\t\t\t\t<div class=\"elementor-column elementor-col-100 elementor-top-column elementor-element elementor-element-edf082c\" data-id=\"edf082c\" data-element_type=\"column\">\n\t\t\t<div class=\"elementor-widget-wrap elementor-element-populated\">\n\t\t\t\t\t\t\t\t<div class=\"elementor-element elementor-element-940209d elementor-widget elementor-widget-askka_core_section_title\" data-id=\"940209d\" data-element_type=\"widget\" data-widget_type=\"askka_core_section_title.default\">\n\t\t\t\t<div class=\"elementor-widget-container\">\n\t\t\t<div class=\"qodef-shortcode qodef-m  qodef-section-title qodef-alignment--center\"  >\n\t\t<var class=\"qodef-m-background-text\"  style=\"font-size: 150px;color: #BF0C0C82\">\n\t\t<span>koorimine<\/span>\n\t<\/var>\n\t\t\t<h4 class=\"qodef-m-title\" >\n\t\t\t\t\tjpx3-bio\t\t\t<\/h4>\n\t<\/div>\n\t\t<\/div>\n\t\t\t\t<\/div>\n\t\t\t\t\t<\/div>\n\t\t<\/div>\n\t\t\t\t\t\t\t<\/div>\n\t\t<\/section>\n\t\t\t\t<section class=\"elementor-section elementor-top-section elementor-element elementor-element-eb25e5c elementor-section-boxed elementor-section-height-default elementor-section-height-default qodef-elementor-content-no\" data-id=\"eb25e5c\" data-element_type=\"section\">\n\t\t\t\t\t\t<div class=\"elementor-container elementor-column-gap-default\">\n\t\t\t\t\t<div class=\"elementor-column elementor-col-100 elementor-top-column elementor-element elementor-element-e7cc6f4\" data-id=\"e7cc6f4\" data-element_type=\"column\">\n\t\t\t<div class=\"elementor-widget-wrap elementor-element-populated\">\n\t\t\t\t\t\t\t\t<div class=\"elementor-element elementor-element-5dfd82a elementor-hidden-desktop elementor-widget elementor-widget-image\" data-id=\"5dfd82a\" data-element_type=\"widget\" data-widget_type=\"image.default\">\n\t\t\t\t<div class=\"elementor-widget-container\">\n\t\t\t<style>\/*! elementor - v3.6.5 - 27-04-2022 *\/\n.elementor-widget-image{text-align:center}.elementor-widget-image a{display:inline-block}.elementor-widget-image a img[src$=\".svg\"]{width:48px}.elementor-widget-image img{vertical-align:middle;display:inline-block}<\/style>\t\t\t\t\t\t\t\t\t\t\t\t<img decoding=\"async\" width=\"1000\" height=\"750\" src=\"https:\/\/skinlifeclinic.ee\/wp-content\/uploads\/2022\/02\/IMG_20210111_140551-scaled-1.jpg\" class=\"attachment-large size-large\" alt=\"\" srcset=\"https:\/\/skinlifeclinic.ee\/wp-content\/uploads\/2022\/02\/IMG_20210111_140551-scaled-1.jpg 1000w, https:\/\/skinlifeclinic.ee\/wp-content\/uploads\/2022\/02\/IMG_20210111_140551-scaled-1-300x225.jpg 300w, https:\/\/skinlifeclinic.ee\/wp-content\/uploads\/2022\/02\/IMG_20210111_140551-scaled-1-768x576.jpg 768w, https:\/\/skinlifeclinic.ee\/wp-content\/uploads\/2022\/02\/IMG_20210111_140551-scaled-1-16x12.jpg 16w\" sizes=\"(max-width: 1000px) 100vw, 1000px\" \/>\t\t\t\t\t\t\t\t\t\t\t\t\t\t\t<\/div>\n\t\t\t\t<\/div>\n\t\t\t\t\t<\/div>\n\t\t<\/div>\n\t\t\t\t\t\t\t<\/div>\n\t\t<\/section>\n\t\t\t\t<section class=\"elementor-section elementor-top-section elementor-element elementor-element-7b908e7 elementor-section-boxed elementor-section-height-default elementor-section-height-default qodef-elementor-content-no\" data-id=\"7b908e7\" data-element_type=\"section\" data-settings=\"{&quot;background_background&quot;:&quot;classic&quot;}\">\n\t\t\t\t\t\t\t<div class=\"elementor-background-overlay\"><\/div>\n\t\t\t\t\t\t\t<div class=\"elementor-container elementor-column-gap-default\">\n\t\t\t\t\t<div class=\"elementor-column elementor-col-100 elementor-top-column elementor-element elementor-element-0b36718\" data-id=\"0b36718\" data-element_type=\"column\">\n\t\t\t<div class=\"elementor-widget-wrap elementor-element-populated\">\n\t\t\t\t\t\t\t\t<div class=\"elementor-element elementor-element-d78b4b9 elementor-widget elementor-widget-text-editor\" data-id=\"d78b4b9\" data-element_type=\"widget\" data-widget_type=\"text-editor.default\">\n\t\t\t\t<div class=\"elementor-widget-container\">\n\t\t\t<style>\/*! elementor - v3.6.5 - 27-04-2022 *\/\n.elementor-widget-text-editor.elementor-drop-cap-view-stacked .elementor-drop-cap{background-color:#818a91;color:#fff}.elementor-widget-text-editor.elementor-drop-cap-view-framed .elementor-drop-cap{color:#818a91;border:3px solid;background-color:transparent}.elementor-widget-text-editor:not(.elementor-drop-cap-view-default) .elementor-drop-cap{margin-top:8px}.elementor-widget-text-editor:not(.elementor-drop-cap-view-default) .elementor-drop-cap-letter{width:1em;height:1em}.elementor-widget-text-editor .elementor-drop-cap{float:left;text-align:center;line-height:1;font-size:50px}.elementor-widget-text-editor .elementor-drop-cap-letter{display:inline-block}<\/style>\t\t\t\t<p style=\"text-align: center;\"><span style=\"color: #000000;\"><strong>PX3 Bio<\/strong>\u00a0on preparaat, mis on m\u00f5eldud helendavate omadustega koorimishoolduse l\u00e4biviimiseks, v\u00e4rvimuutuste reguleerimiseks, pindmiste kortsude v\u00e4hendamiseks, niisutamiseks ning akne ja mustade p\u00e4he v\u00f5itluse toetamiseks. T\u00e4nu happesegule: monokloro\u00e4\u00e4dikhape, kojiinhape ja mandlihape ning antioks\u00fcdandid, saavutame sileda, s\u00e4ravaks ja v\u00e4rskendavaks muutunud naha efekti.<\/span><\/p><p><span style=\"color: #000000;\"><strong>JPX3 Bio<\/strong>\u00a0on professionaalne kosmeetiline protseduur, mis annab mesoteraapiaga sarnase efekti. See on suurep\u00e4rane valik neile, kes otsivad kiireid v\u00f5imalusi kauni ja terve naha saavutamiseks ilma k\u00f5rvaltoimete v\u00f5i igap\u00e4evasest elust k\u00f5rvalej\u00e4tmiseta. Selle uuenduslikkus seisneb selles, et see annab s\u00fcgava stimulatsiooni, m\u00f5jutamata nahapinda ja epidermist ilma koorumata. See stimuleerib koe sisemist uuenemist ja taastab intensiivselt naha s\u00fcgavamat kihti v\u00e4ga \u00f5rnalt. Siledam ja noorem nahk on n\u00e4htav kohe p\u00e4rast protseduuri.<\/span><\/p><p style=\"text-align: center;\"><span style=\"color: #000000;\"><strong>Rakendamine:<\/strong><\/span><\/p><p style=\"text-align: center;\"><span style=\"color: #000000;\">Akne kahjustuste ennetamine,<\/span><br \/><span style=\"color: #000000;\">Heledamaks muutmine ja v\u00e4rvimuutuste v\u00e4hendamine,<\/span><br \/><span style=\"color: #000000;\">Neokolageneesi stimuleerimine,<\/span><br \/><span style=\"color: #000000;\">Mustpeade ravi,<\/span><br \/><span style=\"color: #000000;\">V\u00e4ikeste kortsude silumine,<\/span><br \/><span style=\"color: #000000;\">H\u00fcdratsioon,<\/span><br \/><span style=\"color: #000000;\">V\u00e4rskendus,<\/span><br \/><span style=\"color: #000000;\">Silumine,<\/span><br \/><span style=\"color: #000000;\">Liigse rasu v\u00e4hendamine,<\/span><br \/><span style=\"color: #000000;\">Aastaringne koorimine,<\/span><br \/><span style=\"color: #000000;\">N\u00e4o- ja kehanahk.<\/span><\/p>\t\t\t\t\t\t<\/div>\n\t\t\t\t<\/div>\n\t\t\t\t\t<\/div>\n\t\t<\/div>\n\t\t\t\t\t\t\t<\/div>\n\t\t<\/section>\n\t\t\t\t<section class=\"elementor-section elementor-top-section elementor-element elementor-element-c9f08e3 elementor-section-boxed elementor-section-height-default elementor-section-height-default qodef-elementor-content-no\" data-id=\"c9f08e3\" data-element_type=\"section\">\n\t\t\t\t\t\t<div class=\"elementor-container elementor-column-gap-default\">\n\t\t\t\t\t<div class=\"elementor-column elementor-col-100 elementor-top-column elementor-element elementor-element-3e6a3f7\" data-id=\"3e6a3f7\" data-element_type=\"column\">\n\t\t\t<div class=\"elementor-widget-wrap elementor-element-populated\">\n\t\t\t\t\t\t\t\t<div class=\"elementor-element elementor-element-4892777 elementor-widget__width-initial elementor-absolute elementor-hidden-tablet elementor-hidden-mobile elementor-widget elementor-widget-image\" data-id=\"4892777\" data-element_type=\"widget\" data-settings=\"{&quot;_position&quot;:&quot;absolute&quot;}\" data-widget_type=\"image.default\">\n\t\t\t\t<div class=\"elementor-widget-container\">\n\t\t\t\t\t\t\t\t\t\t\t\t\t\t\t<img decoding=\"async\" width=\"1000\" height=\"750\" src=\"https:\/\/skinlifeclinic.ee\/wp-content\/uploads\/2022\/02\/IMG_20210111_140551-scaled-1.jpg\" class=\"attachment-large size-large\" alt=\"\" srcset=\"https:\/\/skinlifeclinic.ee\/wp-content\/uploads\/2022\/02\/IMG_20210111_140551-scaled-1.jpg 1000w, https:\/\/skinlifeclinic.ee\/wp-content\/uploads\/2022\/02\/IMG_20210111_140551-scaled-1-300x225.jpg 300w, https:\/\/skinlifeclinic.ee\/wp-content\/uploads\/2022\/02\/IMG_20210111_140551-scaled-1-768x576.jpg 768w, https:\/\/skinlifeclinic.ee\/wp-content\/uploads\/2022\/02\/IMG_20210111_140551-scaled-1-16x12.jpg 16w\" sizes=\"(max-width: 1000px) 100vw, 1000px\" \/>\t\t\t\t\t\t\t\t\t\t\t\t\t\t\t<\/div>\n\t\t\t\t<\/div>\n\t\t\t\t<div class=\"elementor-element elementor-element-d41cb56 elementor-widget__width-initial elementor-absolute elementor-hidden-tablet elementor-hidden-mobile elementor-widget elementor-widget-image\" data-id=\"d41cb56\" data-element_type=\"widget\" data-settings=\"{&quot;_position&quot;:&quot;absolute&quot;}\" data-widget_type=\"image.default\">\n\t\t\t\t<div class=\"elementor-widget-container\">\n\t\t\t\t\t\t\t\t\t\t\t\t\t\t\t<img decoding=\"async\" width=\"1024\" height=\"718\" src=\"https:\/\/skinlifeclinic.ee\/wp-content\/uploads\/2022\/02\/3-1-1-1024x718.jpg\" class=\"attachment-large size-large\" alt=\"\" srcset=\"https:\/\/skinlifeclinic.ee\/wp-content\/uploads\/2022\/02\/3-1-1-1024x718.jpg 1024w, https:\/\/skinlifeclinic.ee\/wp-content\/uploads\/2022\/02\/3-1-1-300x210.jpg 300w, https:\/\/skinlifeclinic.ee\/wp-content\/uploads\/2022\/02\/3-1-1-768x538.jpg 768w, https:\/\/skinlifeclinic.ee\/wp-content\/uploads\/2022\/02\/3-1-1-18x12.jpg 18w, https:\/\/skinlifeclinic.ee\/wp-content\/uploads\/2022\/02\/3-1-1.jpg 1210w\" sizes=\"(max-width: 1024px) 100vw, 1024px\" \/>\t\t\t\t\t\t\t\t\t\t\t\t\t\t\t<\/div>\n\t\t\t\t<\/div>\n\t\t\t\t\t<\/div>\n\t\t<\/div>\n\t\t\t\t\t\t\t<\/div>\n\t\t<\/section>\n\t\t\t\t<section class=\"elementor-section elementor-top-section elementor-element elementor-element-5330b2b elementor-section-boxed elementor-section-height-default elementor-section-height-default qodef-elementor-content-no\" data-id=\"5330b2b\" data-element_type=\"section\">\n\t\t\t\t\t\t<div class=\"elementor-container elementor-column-gap-default\">\n\t\t\t\t\t<div class=\"elementor-column elementor-col-100 elementor-top-column elementor-element elementor-element-713f46c\" data-id=\"713f46c\" data-element_type=\"column\">\n\t\t\t<div class=\"elementor-widget-wrap elementor-element-populated\">\n\t\t\t\t\t\t\t\t<div class=\"elementor-element elementor-element-4a890b3 elementor-widget elementor-widget-askka_core_section_title\" data-id=\"4a890b3\" data-element_type=\"widget\" data-widget_type=\"askka_core_section_title.default\">\n\t\t\t\t<div class=\"elementor-widget-container\">\n\t\t\t<div class=\"qodef-shortcode qodef-m  qodef-section-title qodef-alignment--center\"  >\n\t\t<var class=\"qodef-m-background-text\"  style=\"font-size: 150px;color: #D033CF82\">\n\t\t<span>koorimine<\/span>\n\t<\/var>\n\t\t\t<h4 class=\"qodef-m-title\" >\n\t\t\t\t\tprx-t33\t\t\t<\/h4>\n\t<\/div>\n\t\t<\/div>\n\t\t\t\t<\/div>\n\t\t\t\t\t<\/div>\n\t\t<\/div>\n\t\t\t\t\t\t\t<\/div>\n\t\t<\/section>\n\t\t\t\t<section class=\"elementor-section elementor-top-section elementor-element elementor-element-a72a629 elementor-hidden-desktop elementor-section-boxed elementor-section-height-default elementor-section-height-default qodef-elementor-content-no\" data-id=\"a72a629\" data-element_type=\"section\">\n\t\t\t\t\t\t<div class=\"elementor-container elementor-column-gap-default\">\n\t\t\t\t\t<div class=\"elementor-column elementor-col-100 elementor-top-column elementor-element elementor-element-1b54604\" data-id=\"1b54604\" data-element_type=\"column\">\n\t\t\t<div class=\"elementor-widget-wrap elementor-element-populated\">\n\t\t\t\t\t\t\t\t<div class=\"elementor-element elementor-element-8c204c6 elementor-widget elementor-widget-image\" data-id=\"8c204c6\" data-element_type=\"widget\" data-widget_type=\"image.default\">\n\t\t\t\t<div class=\"elementor-widget-container\">\n\t\t\t\t\t\t\t\t\t\t\t\t\t\t\t<img decoding=\"async\" width=\"1024\" height=\"718\" src=\"https:\/\/skinlifeclinic.ee\/wp-content\/uploads\/2022\/02\/3-1-1-1024x718.jpg\" class=\"attachment-large size-large\" alt=\"\" srcset=\"https:\/\/skinlifeclinic.ee\/wp-content\/uploads\/2022\/02\/3-1-1-1024x718.jpg 1024w, https:\/\/skinlifeclinic.ee\/wp-content\/uploads\/2022\/02\/3-1-1-300x210.jpg 300w, https:\/\/skinlifeclinic.ee\/wp-content\/uploads\/2022\/02\/3-1-1-768x538.jpg 768w, https:\/\/skinlifeclinic.ee\/wp-content\/uploads\/2022\/02\/3-1-1-18x12.jpg 18w, https:\/\/skinlifeclinic.ee\/wp-content\/uploads\/2022\/02\/3-1-1.jpg 1210w\" sizes=\"(max-width: 1024px) 100vw, 1024px\" \/>\t\t\t\t\t\t\t\t\t\t\t\t\t\t\t<\/div>\n\t\t\t\t<\/div>\n\t\t\t\t\t<\/div>\n\t\t<\/div>\n\t\t\t\t\t\t\t<\/div>\n\t\t<\/section>\n\t\t\t\t<section class=\"elementor-section elementor-top-section elementor-element elementor-element-e7e0b2b elementor-section-boxed elementor-section-height-default elementor-section-height-default qodef-elementor-content-no\" data-id=\"e7e0b2b\" data-element_type=\"section\" data-settings=\"{&quot;background_background&quot;:&quot;classic&quot;}\">\n\t\t\t\t\t\t\t<div class=\"elementor-background-overlay\"><\/div>\n\t\t\t\t\t\t\t<div class=\"elementor-container elementor-column-gap-default\">\n\t\t\t\t\t<div class=\"elementor-column elementor-col-100 elementor-top-column elementor-element elementor-element-655d9c2\" data-id=\"655d9c2\" data-element_type=\"column\">\n\t\t\t<div class=\"elementor-widget-wrap elementor-element-populated\">\n\t\t\t\t\t\t\t\t<div class=\"elementor-element elementor-element-2b36855 elementor-widget elementor-widget-text-editor\" data-id=\"2b36855\" data-element_type=\"widget\" data-widget_type=\"text-editor.default\">\n\t\t\t\t<div class=\"elementor-widget-container\">\n\t\t\t\t\t\t\t<p style=\"text-align: center;\"><span style=\"color: #000000; font-size: 15px; font-weight: 400;\">PRX-T33 on ainulaadne valutu koorimine, mis stimuleerib kollageeni ja elastiini tootmist nahas, mis elavdab piirkonda.<\/span><\/p><div class=\"treatment-text\"><p style=\"text-align: center;\"><span style=\"color: #000000;\">Parim osa sellest koorimisest on see, et ei ole mingit seisakuaega ega liigset koorimist. See koorimine on kaks korda t\u00f5husam kui enamik m\u00f5\u00f5duka tugevusega koorimisi, kuid ilma, et nahk p\u00e4rast seda kooruks v\u00f5i oleks tundlik.<\/span><\/p><p style=\"text-align: center;\"><span style=\"color: #000000;\">See on eriti t\u00f5hus probleemsetele nahapiirkondadele, nagu halb tekstuur, pigmentatsioon, laienenud poorid ja akne.<\/span><\/p><h5><span style=\"color: #000000;\">Millised on PRX-T33 eelised?<\/span><\/h5><ul><li><span style=\"color: #000000;\">Aitab parandada naha tugevust n\u00e4ol, kaelal, k\u00e4tel ja dekolteel.<\/span><\/li><li><span style=\"color: #000000;\">Naha pinguldamine rindkere \u00fclaosas<\/span><\/li><li><span style=\"color: #000000;\">Pehmendab jooned ja kortsud<\/span><\/li><li><span style=\"color: #000000;\">Silub m\u00f5ned armid ja venitusarmid<\/span><\/li><li><span style=\"color: #000000;\">V\u00f5idab ja pehmendab h\u00fcperpigmentatsiooni<\/span><\/li><li><span style=\"color: #000000;\">Ei mingeid n\u00f5elu ega valu<\/span><\/li><li><span style=\"color: #000000;\">V\u00e4ga v\u00e4he v\u00f5i minimaalne seisakuaeg<\/span><\/li><\/ul><h5><span style=\"color: #000000;\">Kuidas PRX-T33 Peel t\u00f6\u00f6tab?<\/span><\/h5><p style=\"text-align: center;\"><span style=\"color: #000000;\">PRX-T33 on ainulaadne valem, mis koosneb kolmest olulisest koostisosast, mis pakuvad suurep\u00e4rast kliinilist toimet ilma seisakuaegadeta.<\/span><\/p><p style=\"text-align: center;\"><span style=\"color: #000000;\">TCA-d on kasutatud keemilistes koorimistes juba aastaid ja see on nahale v\u00e4ga kasulik. See v\u00f5ib kahjustada nahapinda, mist\u00f5ttu peaks seda kasutama ainult koolitatud esteetik. TCA stimuleerib uute naharakkude kasvu ja on p\u00f5letikuvastase toimega. TCA aitab puhastada poorid, h\u00e4vitab aknega seotud bakterid ning suurendab naha kollageeni ja elastsust.<\/span><\/p><p style=\"text-align: center;\"><span style=\"color: #000000;\">H2O2 on tuntud oma tugevate antiseptiliste omaduste poolest nahale kandmisel. Samuti vabastab see suure hulga hapnikku, mis toidab nahka ja muudab selle vastuv\u00f5tlikumaks teistele ainetele.<\/span><\/p><p style=\"text-align: center;\"><span style=\"color: #000000;\">Teaduslikud uuringud on n\u00e4idanud, et see soodustab haavade paranemist, aitab \u00fcmber kujundada naha rakuv\u00e4lise maatriksi ja v\u00e4hendab p\u00f5letikku. Kombineerituna TCA-ga suurendab see tungimist ja t\u00f5husust.<\/span><\/p><p style=\"text-align: center;\"><span style=\"color: #000000;\">Kolmas komponent PRX-T33 koorimisvahendis on kojiinhape. See konkreetne aine tegeleb pigmentatsiooniprobleemidega, valgustades ja helendades nahka. See on tugev melaniinitootmise p\u00e4rssiv aine, mis on naha tumedate laikude peamine p\u00f5hjus.<\/span><\/p><\/div>\t\t\t\t\t\t<\/div>\n\t\t\t\t<\/div>\n\t\t\t\t\t<\/div>\n\t\t<\/div>\n\t\t\t\t\t\t\t<\/div>\n\t\t<\/section>\n\t\t\t\t<section class=\"elementor-section elementor-top-section elementor-element elementor-element-1c7dce2 elementor-section-boxed elementor-section-height-default elementor-section-height-default qodef-elementor-content-no\" data-id=\"1c7dce2\" data-element_type=\"section\">\n\t\t\t\t\t\t<div class=\"elementor-container elementor-column-gap-default\">\n\t\t\t\t\t<div class=\"elementor-column elementor-col-100 elementor-top-column elementor-element elementor-element-a51ab8e\" data-id=\"a51ab8e\" data-element_type=\"column\">\n\t\t\t<div class=\"elementor-widget-wrap elementor-element-populated\">\n\t\t\t\t\t\t\t\t<div class=\"elementor-element elementor-element-a1e09e3 elementor-widget elementor-widget-askka_core_button\" data-id=\"a1e09e3\" data-element_type=\"widget\" data-widget_type=\"askka_core_button.default\">\n\t\t\t\t<div class=\"elementor-widget-container\">\n\t\t\t<a class=\"qodef-shortcode qodef-m  qodef-button qodef-layout--filled   qodef-html--link\" href=\"https:\/\/skinlifeclinic.ee\/et\/cosmetology\/\" target=\"_self\"  >\n\t<span class=\"qodef-m-text\">Hinnad<\/span>\n<\/a>\n\t\t<\/div>\n\t\t\t\t<\/div>\n\t\t\t\t\t<\/div>\n\t\t<\/div>\n\t\t\t\t\t\t\t<\/div>\n\t\t<\/section>\n\t\t\t\t\t\t\t<\/div>","protected":false},"excerpt":{"rendered":"<p>peeling. jpx3-bio PX3 Bio\u00a0is a preparation for carrying out peeling treatments with brightening properties, regulating discoloration, reducing superficial wrinkles, moisturizing and supporting the fight against acne and blackheads. Thanks to the use of a mixture of acids: monochloroacetic, kojic and almond as well as antioxidants, we obtain the effect of smooth, brightened and refreshed skin. [&hellip;]<\/p>","protected":false},"author":1,"featured_media":0,"parent":0,"menu_order":0,"comment_status":"closed","ping_status":"closed","template":"page-full-width.php","meta":{"footnotes":""},"class_list":["post-11200","page","type-page","status-publish","hentry"],"yoast_head":"<!-- This site is optimized with the Yoast SEO plugin v19.9 - https:\/\/yoast.com\/wordpress\/plugins\/seo\/ -->\n<title>JPX3 BIO &amp; PRX-t33 - Skin Life Clinic<\/title>\n<meta name=\"robots\" content=\"index, follow, max-snippet:-1, max-image-preview:large, max-video-preview:-1\" \/>\n<link rel=\"canonical\" href=\"https:\/\/skinlifeclinic.ee\/et\/jpx3-bio-prx-t33\/\" \/>\n<meta property=\"og:locale\" content=\"et_EE\" \/>\n<meta property=\"og:type\" content=\"article\" \/>\n<meta property=\"og:title\" content=\"JPX3 BIO &amp; PRX-t33 - Skin Life Clinic\" \/>\n<meta property=\"og:description\" content=\"peeling. jpx3-bio PX3 Bio\u00a0is a preparation for carrying out peeling treatments with brightening properties, regulating discoloration, reducing superficial wrinkles, moisturizing and supporting the fight against acne and blackheads. Thanks to the use of a mixture of acids: monochloroacetic, kojic and almond as well as antioxidants, we obtain the effect of smooth, brightened and refreshed skin. [&hellip;]\" \/>\n<meta property=\"og:url\" content=\"https:\/\/skinlifeclinic.ee\/et\/jpx3-bio-prx-t33\/\" \/>\n<meta property=\"og:site_name\" content=\"Skin Life Clinic\" \/>\n<meta property=\"article:modified_time\" content=\"2022-02-14T16:18:15+00:00\" \/>\n<meta property=\"og:image\" content=\"https:\/\/skinlifeclinic.ee\/wp-content\/uploads\/2022\/02\/IMG_20210111_140551-scaled-1.jpg\" \/>\n<meta name=\"twitter:card\" content=\"summary_large_image\" \/>\n<meta name=\"twitter:label1\" content=\"Est. reading time\" \/>\n\t<meta name=\"twitter:data1\" content=\"4 minutit\" \/>\n<script type=\"application\/ld+json\" class=\"yoast-schema-graph\">{\"@context\":\"https:\/\/schema.org\",\"@graph\":[{\"@type\":\"WebPage\",\"@id\":\"https:\/\/skinlifeclinic.ee\/jpx3-bio-prx-t33\/\",\"url\":\"https:\/\/skinlifeclinic.ee\/jpx3-bio-prx-t33\/\",\"name\":\"JPX3 BIO & PRX-t33 - Skin Life Clinic\",\"isPartOf\":{\"@id\":\"https:\/\/skinlifeclinic.ee\/#website\"},\"datePublished\":\"2022-02-14T15:39:12+00:00\",\"dateModified\":\"2022-02-14T16:18:15+00:00\",\"breadcrumb\":{\"@id\":\"https:\/\/skinlifeclinic.ee\/jpx3-bio-prx-t33\/#breadcrumb\"},\"inLanguage\":\"et\",\"potentialAction\":[{\"@type\":\"ReadAction\",\"target\":[\"https:\/\/skinlifeclinic.ee\/jpx3-bio-prx-t33\/\"]}]},{\"@type\":\"BreadcrumbList\",\"@id\":\"https:\/\/skinlifeclinic.ee\/jpx3-bio-prx-t33\/#breadcrumb\",\"itemListElement\":[{\"@type\":\"ListItem\",\"position\":1,\"name\":\"\u0413\u043b\u0430\u0432\u043d\u0430\u044f \u0441\u0442\u0440\u0430\u043d\u0438\u0446\u0430\",\"item\":\"https:\/\/skinlifeclinic.ee\/\"},{\"@type\":\"ListItem\",\"position\":2,\"name\":\"JPX3 BIO &#038; PRX-t33\"}]},{\"@type\":\"WebSite\",\"@id\":\"https:\/\/skinlifeclinic.ee\/#website\",\"url\":\"https:\/\/skinlifeclinic.ee\/\",\"name\":\"Skin Life Clinic\",\"description\":\"beauty clinic\",\"publisher\":{\"@id\":\"https:\/\/skinlifeclinic.ee\/#organization\"},\"potentialAction\":[{\"@type\":\"SearchAction\",\"target\":{\"@type\":\"EntryPoint\",\"urlTemplate\":\"https:\/\/skinlifeclinic.ee\/?s={search_term_string}\"},\"query-input\":\"required name=search_term_string\"}],\"inLanguage\":\"et\"},{\"@type\":\"Organization\",\"@id\":\"https:\/\/skinlifeclinic.ee\/#organization\",\"name\":\"Skin Life Clinic\",\"url\":\"https:\/\/skinlifeclinic.ee\/\",\"logo\":{\"@type\":\"ImageObject\",\"inLanguage\":\"et\",\"@id\":\"https:\/\/skinlifeclinic.ee\/#\/schema\/logo\/image\/\",\"url\":\"https:\/\/skinlifeclinic.ee\/wp-content\/uploads\/2021\/10\/logo18.10.2021.png\",\"contentUrl\":\"https:\/\/skinlifeclinic.ee\/wp-content\/uploads\/2021\/10\/logo18.10.2021.png\",\"width\":2100,\"height\":1500,\"caption\":\"Skin Life Clinic\"},\"image\":{\"@id\":\"https:\/\/skinlifeclinic.ee\/#\/schema\/logo\/image\/\"}}]}<\/script>\n<!-- \/ Yoast SEO plugin. -->","yoast_head_json":{"title":"JPX3 BIO & PRX-t33 - Skin Life Clinic","robots":{"index":"index","follow":"follow","max-snippet":"max-snippet:-1","max-image-preview":"max-image-preview:large","max-video-preview":"max-video-preview:-1"},"canonical":"https:\/\/skinlifeclinic.ee\/et\/jpx3-bio-prx-t33\/","og_locale":"et_EE","og_type":"article","og_title":"JPX3 BIO & PRX-t33 - Skin Life Clinic","og_description":"peeling. jpx3-bio PX3 Bio\u00a0is a preparation for carrying out peeling treatments with brightening properties, regulating discoloration, reducing superficial wrinkles, moisturizing and supporting the fight against acne and blackheads. Thanks to the use of a mixture of acids: monochloroacetic, kojic and almond as well as antioxidants, we obtain the effect of smooth, brightened and refreshed skin. [&hellip;]","og_url":"https:\/\/skinlifeclinic.ee\/et\/jpx3-bio-prx-t33\/","og_site_name":"Skin Life Clinic","article_modified_time":"2022-02-14T16:18:15+00:00","og_image":[{"url":"https:\/\/skinlifeclinic.ee\/wp-content\/uploads\/2022\/02\/IMG_20210111_140551-scaled-1.jpg"}],"twitter_card":"summary_large_image","twitter_misc":{"Est. reading time":"4 minutit"},"schema":{"@context":"https:\/\/schema.org","@graph":[{"@type":"WebPage","@id":"https:\/\/skinlifeclinic.ee\/jpx3-bio-prx-t33\/","url":"https:\/\/skinlifeclinic.ee\/jpx3-bio-prx-t33\/","name":"JPX3 BIO & PRX-t33 - Skin Life Clinic","isPartOf":{"@id":"https:\/\/skinlifeclinic.ee\/#website"},"datePublished":"2022-02-14T15:39:12+00:00","dateModified":"2022-02-14T16:18:15+00:00","breadcrumb":{"@id":"https:\/\/skinlifeclinic.ee\/jpx3-bio-prx-t33\/#breadcrumb"},"inLanguage":"et","potentialAction":[{"@type":"ReadAction","target":["https:\/\/skinlifeclinic.ee\/jpx3-bio-prx-t33\/"]}]},{"@type":"BreadcrumbList","@id":"https:\/\/skinlifeclinic.ee\/jpx3-bio-prx-t33\/#breadcrumb","itemListElement":[{"@type":"ListItem","position":1,"name":"\u0413\u043b\u0430\u0432\u043d\u0430\u044f \u0441\u0442\u0440\u0430\u043d\u0438\u0446\u0430","item":"https:\/\/skinlifeclinic.ee\/"},{"@type":"ListItem","position":2,"name":"JPX3 BIO &#038; PRX-t33"}]},{"@type":"WebSite","@id":"https:\/\/skinlifeclinic.ee\/#website","url":"https:\/\/skinlifeclinic.ee\/","name":"Skin Life Clinic","description":"beauty clinic","publisher":{"@id":"https:\/\/skinlifeclinic.ee\/#organization"},"potentialAction":[{"@type":"SearchAction","target":{"@type":"EntryPoint","urlTemplate":"https:\/\/skinlifeclinic.ee\/?s={search_term_string}"},"query-input":"required name=search_term_string"}],"inLanguage":"et"},{"@type":"Organization","@id":"https:\/\/skinlifeclinic.ee\/#organization","name":"Skin Life Clinic","url":"https:\/\/skinlifeclinic.ee\/","logo":{"@type":"ImageObject","inLanguage":"et","@id":"https:\/\/skinlifeclinic.ee\/#\/schema\/logo\/image\/","url":"https:\/\/skinlifeclinic.ee\/wp-content\/uploads\/2021\/10\/logo18.10.2021.png","contentUrl":"https:\/\/skinlifeclinic.ee\/wp-content\/uploads\/2021\/10\/logo18.10.2021.png","width":2100,"height":1500,"caption":"Skin Life Clinic"},"image":{"@id":"https:\/\/skinlifeclinic.ee\/#\/schema\/logo\/image\/"}}]}},"_links":{"self":[{"href":"https:\/\/skinlifeclinic.ee\/et\/wp-json\/wp\/v2\/pages\/11200","targetHints":{"allow":["GET"]}}],"collection":[{"href":"https:\/\/skinlifeclinic.ee\/et\/wp-json\/wp\/v2\/pages"}],"about":[{"href":"https:\/\/skinlifeclinic.ee\/et\/wp-json\/wp\/v2\/types\/page"}],"author":[{"embeddable":true,"href":"https:\/\/skinlifeclinic.ee\/et\/wp-json\/wp\/v2\/users\/1"}],"replies":[{"embeddable":true,"href":"https:\/\/skinlifeclinic.ee\/et\/wp-json\/wp\/v2\/comments?post=11200"}],"version-history":[{"count":35,"href":"https:\/\/skinlifeclinic.ee\/et\/wp-json\/wp\/v2\/pages\/11200\/revisions"}],"predecessor-version":[{"id":11243,"href":"https:\/\/skinlifeclinic.ee\/et\/wp-json\/wp\/v2\/pages\/11200\/revisions\/11243"}],"wp:attachment":[{"href":"https:\/\/skinlifeclinic.ee\/et\/wp-json\/wp\/v2\/media?parent=11200"}],"curies":[{"name":"wp","href":"https:\/\/api.w.org\/{rel}","templated":true}]}}