{"id":10940,"date":"2022-02-04T13:26:31","date_gmt":"2022-02-04T13:26:31","guid":{"rendered":"https:\/\/skinlifeclinic.ee\/?page_id=10940"},"modified":"2022-11-07T09:50:38","modified_gmt":"2022-11-07T09:50:38","slug":"partnership","status":"publish","type":"page","link":"https:\/\/skinlifeclinic.ee\/et\/partnership\/","title":{"rendered":"partnership"},"content":{"rendered":"<div data-elementor-type=\"wp-page\" data-elementor-id=\"10940\" class=\"elementor elementor-10940\">\n\t\t\t\t\t\t\t\t\t<section class=\"elementor-section elementor-top-section elementor-element elementor-element-27fd96b elementor-section-boxed elementor-section-height-default elementor-section-height-default qodef-elementor-content-no\" data-id=\"27fd96b\" data-element_type=\"section\">\n\t\t\t\t\t\t<div class=\"elementor-container elementor-column-gap-default\">\n\t\t\t\t\t<div class=\"elementor-column elementor-col-100 elementor-top-column elementor-element elementor-element-5325e3b\" data-id=\"5325e3b\" data-element_type=\"column\">\n\t\t\t<div class=\"elementor-widget-wrap elementor-element-populated\">\n\t\t\t\t\t\t\t\t<div class=\"elementor-element elementor-element-68b2e42 elementor-widget elementor-widget-askka_core_section_title\" data-id=\"68b2e42\" data-element_type=\"widget\" data-widget_type=\"askka_core_section_title.default\">\n\t\t\t\t<div class=\"elementor-widget-container\">\n\t\t\t<div class=\"qodef-shortcode qodef-m  qodef-section-title qodef-alignment--center\"  >\n\t\t<var class=\"qodef-m-background-text\" data-vertical-offset-3840=\"40\" style=\"font-size: 100px;top: 40px;color: #C49758\">\n\t\t<span>skin life clinic<\/span>\n\t<\/var>\n\t\t\t<h3 class=\"qodef-m-title\" >\n\t\t\t\t\tSKIN LIFE CLINIC ON\t\t\t<\/h3>\n\t<\/div>\n\t\t<\/div>\n\t\t\t\t<\/div>\n\t\t\t\t\t<\/div>\n\t\t<\/div>\n\t\t\t\t\t\t\t<\/div>\n\t\t<\/section>\n\t\t\t\t<section class=\"elementor-section elementor-top-section elementor-element elementor-element-1442d15 elementor-section-boxed elementor-section-height-default elementor-section-height-default qodef-elementor-content-no\" data-id=\"1442d15\" data-element_type=\"section\">\n\t\t\t\t\t\t<div class=\"elementor-container elementor-column-gap-default\">\n\t\t\t\t\t<div class=\"elementor-column elementor-col-50 elementor-top-column elementor-element elementor-element-6c263d5\" data-id=\"6c263d5\" data-element_type=\"column\">\n\t\t\t<div class=\"elementor-widget-wrap\">\n\t\t\t\t\t\t\t\t\t<\/div>\n\t\t<\/div>\n\t\t\t\t<div class=\"elementor-column elementor-col-50 elementor-top-column elementor-element elementor-element-69c2fc5\" data-id=\"69c2fc5\" data-element_type=\"column\">\n\t\t\t<div class=\"elementor-widget-wrap elementor-element-populated\">\n\t\t\t\t\t\t\t\t<div class=\"elementor-element elementor-element-bda3dbf elementor-widget elementor-widget-text-editor\" data-id=\"bda3dbf\" data-element_type=\"widget\" data-widget_type=\"text-editor.default\">\n\t\t\t\t<div class=\"elementor-widget-container\">\n\t\t\t<style>\/*! elementor - v3.6.5 - 27-04-2022 *\/\n.elementor-widget-text-editor.elementor-drop-cap-view-stacked .elementor-drop-cap{background-color:#818a91;color:#fff}.elementor-widget-text-editor.elementor-drop-cap-view-framed .elementor-drop-cap{color:#818a91;border:3px solid;background-color:transparent}.elementor-widget-text-editor:not(.elementor-drop-cap-view-default) .elementor-drop-cap{margin-top:8px}.elementor-widget-text-editor:not(.elementor-drop-cap-view-default) .elementor-drop-cap-letter{width:1em;height:1em}.elementor-widget-text-editor .elementor-drop-cap{float:left;text-align:center;line-height:1;font-size:50px}.elementor-widget-text-editor .elementor-drop-cap-letter{display:inline-block}<\/style>\t\t\t\t<p>Skin Life Clinic on ametlik distributor<strong> Soskin Paris \u0421osmetics<\/strong> Balti riikide territooriumil.<\/p><p>\u00a0<\/p><p>Skin Life Clinic on ametlik distributor <strong>QMS Medicosmetics<\/strong> Eesti territooriumil.<\/p>\t\t\t\t\t\t<\/div>\n\t\t\t\t<\/div>\n\t\t\t\t\t<\/div>\n\t\t<\/div>\n\t\t\t\t\t\t\t<\/div>\n\t\t<\/section>\n\t\t\t\t<section class=\"elementor-section elementor-top-section elementor-element elementor-element-ca79206 elementor-section-boxed elementor-section-height-default elementor-section-height-default qodef-elementor-content-no\" data-id=\"ca79206\" data-element_type=\"section\">\n\t\t\t\t\t\t<div class=\"elementor-container elementor-column-gap-default\">\n\t\t\t\t\t<div class=\"elementor-column elementor-col-50 elementor-top-column elementor-element elementor-element-627e782\" data-id=\"627e782\" data-element_type=\"column\">\n\t\t\t<div class=\"elementor-widget-wrap\">\n\t\t\t\t\t\t\t\t\t<\/div>\n\t\t<\/div>\n\t\t\t\t<div class=\"elementor-column elementor-col-50 elementor-top-column elementor-element elementor-element-c230b47\" data-id=\"c230b47\" data-element_type=\"column\">\n\t\t\t<div class=\"elementor-widget-wrap elementor-element-populated\">\n\t\t\t\t\t\t\t\t<div class=\"elementor-element elementor-element-276c0af elementor-widget elementor-widget-text-editor\" data-id=\"276c0af\" data-element_type=\"widget\" data-widget_type=\"text-editor.default\">\n\t\t\t\t<div class=\"elementor-widget-container\">\n\t\t\t\t\t\t\t<p>Skin Life Clinic pakub v\u00f5imalust osta<\/p><h4><strong>1.QMS HAPNIKU KONTSENTRAATOR MASIN<\/strong><\/h4><h4><strong>2.POLLOGEN GENEO+ BY LUMENIS<\/strong><\/h4><h4><strong>3. Skin Anal\u00fcsaator<\/strong><\/h4><p>spetsialistidele.<\/p><p>\u00a0<\/p>\t\t\t\t\t\t<\/div>\n\t\t\t\t<\/div>\n\t\t\t\t\t<\/div>\n\t\t<\/div>\n\t\t\t\t\t\t\t<\/div>\n\t\t<\/section>\n\t\t\t\t<section class=\"elementor-section elementor-top-section elementor-element elementor-element-3f7bbc7 elementor-section-boxed elementor-section-height-default elementor-section-height-default qodef-elementor-content-no\" data-id=\"3f7bbc7\" data-element_type=\"section\">\n\t\t\t\t\t\t<div class=\"elementor-container elementor-column-gap-default\">\n\t\t\t\t\t<div class=\"elementor-column elementor-col-100 elementor-top-column elementor-element elementor-element-31fbced\" data-id=\"31fbced\" data-element_type=\"column\">\n\t\t\t<div class=\"elementor-widget-wrap elementor-element-populated\">\n\t\t\t\t\t\t\t\t<div class=\"elementor-element elementor-element-681f393 elementor-widget elementor-widget-askka_core_section_title\" data-id=\"681f393\" data-element_type=\"widget\" data-widget_type=\"askka_core_section_title.default\">\n\t\t\t\t<div class=\"elementor-widget-container\">\n\t\t\t<div class=\"qodef-shortcode qodef-m  qodef-section-title qodef-alignment--center\"  >\n\t\t<var class=\"qodef-m-background-text\" data-vertical-offset-3840=\"40\" style=\"font-size: 100px;top: 40px;color: #C49758\">\n\t\t<span>email <\/span>\n\t<\/var>\n\t\t\t<h3 class=\"qodef-m-title\" >\n\t\t\t\t\tsaatke meile e-kiri\t\t\t<\/h3>\n\t<\/div>\n\t\t<\/div>\n\t\t\t\t<\/div>\n\t\t\t\t<div class=\"elementor-element elementor-element-6ddb813 elementor-widget elementor-widget-text-editor\" data-id=\"6ddb813\" data-element_type=\"widget\" data-widget_type=\"text-editor.default\">\n\t\t\t\t<div class=\"elementor-widget-container\">\n\t\t\t\t\t\t\t<p>Kas soovite t\u00f6\u00f6tada meie kosmeetikatoodete v\u00f5i seadmete kallal? Kirjutage meile!<\/p>\t\t\t\t\t\t<\/div>\n\t\t\t\t<\/div>\n\t\t\t\t\t<\/div>\n\t\t<\/div>\n\t\t\t\t\t\t\t<\/div>\n\t\t<\/section>\n\t\t\t\t<section class=\"elementor-section elementor-top-section elementor-element elementor-element-527bc31 elementor-section-boxed elementor-section-height-default elementor-section-height-default qodef-elementor-content-no\" data-id=\"527bc31\" data-element_type=\"section\">\n\t\t\t\t\t\t<div class=\"elementor-container elementor-column-gap-default\">\n\t\t\t\t\t<div class=\"elementor-column elementor-col-25 elementor-top-column elementor-element elementor-element-126535b\" data-id=\"126535b\" data-element_type=\"column\">\n\t\t\t<div class=\"elementor-widget-wrap elementor-element-populated\">\n\t\t\t\t\t\t\t\t<div class=\"elementor-element elementor-element-2bf508d elementor-widget__width-initial elementor-widget elementor-widget-askka_core_section_title\" data-id=\"2bf508d\" data-element_type=\"widget\" data-widget_type=\"askka_core_section_title.default\">\n\t\t\t\t<div class=\"elementor-widget-container\">\n\t\t\t<div class=\"qodef-shortcode qodef-m  qodef-section-title qodef-alignment--center\"  >\n\t\t\t\t<h5 class=\"qodef-m-title\" >\n\t\t\t\t\tADDRESS\t\t\t<\/h5>\n\t\t<p class=\"qodef-m-text\" style=\"margin-top: 13px\">Maakri 30, 12 korrus, \nTallinn, Estonia, 110145 <\/p>\n<\/div>\n\t\t<\/div>\n\t\t\t\t<\/div>\n\t\t\t\t\t<\/div>\n\t\t<\/div>\n\t\t\t\t<div class=\"elementor-column elementor-col-25 elementor-top-column elementor-element elementor-element-c3e8adf\" data-id=\"c3e8adf\" data-element_type=\"column\">\n\t\t\t<div class=\"elementor-widget-wrap elementor-element-populated\">\n\t\t\t\t\t\t\t\t<div class=\"elementor-element elementor-element-095a91c elementor-widget__width-initial elementor-widget elementor-widget-askka_core_section_title\" data-id=\"095a91c\" data-element_type=\"widget\" data-widget_type=\"askka_core_section_title.default\">\n\t\t\t\t<div class=\"elementor-widget-container\">\n\t\t\t<div class=\"qodef-shortcode qodef-m  qodef-section-title qodef-alignment--center\"  >\n\t\t\t\t<h5 class=\"qodef-m-title\" >\n\t\t\t\t\tOnline\t\t\t<\/h5>\n\t\t<p class=\"qodef-m-text\" style=\"margin-top: 13px\">E-mail : info@skinlifeclinic.ee         Instagram: skin.lifeclinic<\/p>\n<\/div>\n\t\t<\/div>\n\t\t\t\t<\/div>\n\t\t\t\t\t<\/div>\n\t\t<\/div>\n\t\t\t\t<div class=\"elementor-column elementor-col-25 elementor-top-column elementor-element elementor-element-8487dc9\" data-id=\"8487dc9\" data-element_type=\"column\">\n\t\t\t<div class=\"elementor-widget-wrap elementor-element-populated\">\n\t\t\t\t\t\t\t\t<div class=\"elementor-element elementor-element-1bed009 elementor-widget__width-initial elementor-widget elementor-widget-askka_core_section_title\" data-id=\"1bed009\" data-element_type=\"widget\" data-widget_type=\"askka_core_section_title.default\">\n\t\t\t\t<div class=\"elementor-widget-container\">\n\t\t\t<div class=\"qodef-shortcode qodef-m  qodef-section-title qodef-alignment--center\"  >\n\t\t\t\t<h5 class=\"qodef-m-title\" >\n\t\t\t\t\tTelefon\t\t\t<\/h5>\n\t\t<p class=\"qodef-m-text\" style=\"margin-top: 13px\">+372 55678774\n<\/p>\n<\/div>\n\t\t<\/div>\n\t\t\t\t<\/div>\n\t\t\t\t\t<\/div>\n\t\t<\/div>\n\t\t\t\t<div class=\"elementor-column elementor-col-25 elementor-top-column elementor-element elementor-element-8a92214\" data-id=\"8a92214\" data-element_type=\"column\">\n\t\t\t<div class=\"elementor-widget-wrap elementor-element-populated\">\n\t\t\t\t\t\t\t\t<div class=\"elementor-element elementor-element-f58270c elementor-widget__width-initial elementor-widget elementor-widget-askka_core_section_title\" data-id=\"f58270c\" data-element_type=\"widget\" data-widget_type=\"askka_core_section_title.default\">\n\t\t\t\t<div class=\"elementor-widget-container\">\n\t\t\t<div class=\"qodef-shortcode qodef-m  qodef-section-title qodef-alignment--center\"  >\n\t\t\t\t<h5 class=\"qodef-m-title\" >\n\t\t\t\t\tE-pood\t\t\t<\/h5>\n\t\t<p class=\"qodef-m-text\" style=\"margin-top: 13px\">shop.lifebeauty.ee<\/p>\n<\/div>\n\t\t<\/div>\n\t\t\t\t<\/div>\n\t\t\t\t\t<\/div>\n\t\t<\/div>\n\t\t\t\t\t\t\t<\/div>\n\t\t<\/section>\n\t\t\t\t<section class=\"elementor-section elementor-top-section elementor-element elementor-element-b01fe84 elementor-section-full_width elementor-section-height-default elementor-section-height-default qodef-elementor-content-no\" data-id=\"b01fe84\" data-element_type=\"section\">\n\t\t\t\t\t\t<div class=\"elementor-container elementor-column-gap-default\">\n\t\t\t\t\t<div class=\"elementor-column elementor-col-33 elementor-top-column elementor-element elementor-element-29796d2\" data-id=\"29796d2\" data-element_type=\"column\">\n\t\t\t<div class=\"elementor-widget-wrap elementor-element-populated\">\n\t\t\t\t\t\t\t\t<div class=\"elementor-element elementor-element-33e7d17 elementor-widget elementor-widget-image\" data-id=\"33e7d17\" data-element_type=\"widget\" data-widget_type=\"image.default\">\n\t\t\t\t<div class=\"elementor-widget-container\">\n\t\t\t<style>\/*! elementor - v3.6.5 - 27-04-2022 *\/\n.elementor-widget-image{text-align:center}.elementor-widget-image a{display:inline-block}.elementor-widget-image a img[src$=\".svg\"]{width:48px}.elementor-widget-image img{vertical-align:middle;display:inline-block}<\/style>\t\t\t\t\t\t\t\t\t\t\t\t<img decoding=\"async\" width=\"1024\" height=\"1024\" src=\"https:\/\/skinlifeclinic.ee\/wp-content\/uploads\/2022\/02\/119072-14753493-1024x1024.jpg\" class=\"attachment-large size-large\" alt=\"\" srcset=\"https:\/\/skinlifeclinic.ee\/wp-content\/uploads\/2022\/02\/119072-14753493-1024x1024.jpg 1024w, https:\/\/skinlifeclinic.ee\/wp-content\/uploads\/2022\/02\/119072-14753493-300x300.jpg 300w, https:\/\/skinlifeclinic.ee\/wp-content\/uploads\/2022\/02\/119072-14753493-150x150.jpg 150w, https:\/\/skinlifeclinic.ee\/wp-content\/uploads\/2022\/02\/119072-14753493-768x768.jpg 768w, https:\/\/skinlifeclinic.ee\/wp-content\/uploads\/2022\/02\/119072-14753493-12x12.jpg 12w, https:\/\/skinlifeclinic.ee\/wp-content\/uploads\/2022\/02\/119072-14753493-650x650.jpg 650w, https:\/\/skinlifeclinic.ee\/wp-content\/uploads\/2022\/02\/119072-14753493-1300x1300.jpg 1300w, https:\/\/skinlifeclinic.ee\/wp-content\/uploads\/2022\/02\/119072-14753493.jpg 1500w\" sizes=\"(max-width: 1024px) 100vw, 1024px\" \/>\t\t\t\t\t\t\t\t\t\t\t\t\t\t\t<\/div>\n\t\t\t\t<\/div>\n\t\t\t\t\t<\/div>\n\t\t<\/div>\n\t\t\t\t<div class=\"elementor-column elementor-col-33 elementor-top-column elementor-element elementor-element-9d673e0\" data-id=\"9d673e0\" data-element_type=\"column\">\n\t\t\t<div class=\"elementor-widget-wrap elementor-element-populated\">\n\t\t\t\t\t\t\t\t<div class=\"elementor-element elementor-element-345d58d elementor-widget elementor-widget-image\" data-id=\"345d58d\" data-element_type=\"widget\" data-widget_type=\"image.default\">\n\t\t\t\t<div class=\"elementor-widget-container\">\n\t\t\t\t\t\t\t\t\t\t\t\t\t\t\t<img decoding=\"async\" width=\"500\" height=\"506\" src=\"https:\/\/skinlifeclinic.ee\/wp-content\/uploads\/2022\/01\/geneO-with-OxyGeneo-applicator-2-PNG.png\" class=\"attachment-large size-large\" alt=\"\" srcset=\"https:\/\/skinlifeclinic.ee\/wp-content\/uploads\/2022\/01\/geneO-with-OxyGeneo-applicator-2-PNG.png 500w, https:\/\/skinlifeclinic.ee\/wp-content\/uploads\/2022\/01\/geneO-with-OxyGeneo-applicator-2-PNG-296x300.png 296w, https:\/\/skinlifeclinic.ee\/wp-content\/uploads\/2022\/01\/geneO-with-OxyGeneo-applicator-2-PNG-12x12.png 12w\" sizes=\"(max-width: 500px) 100vw, 500px\" \/>\t\t\t\t\t\t\t\t\t\t\t\t\t\t\t<\/div>\n\t\t\t\t<\/div>\n\t\t\t\t\t<\/div>\n\t\t<\/div>\n\t\t\t\t<div class=\"elementor-column elementor-col-33 elementor-top-column elementor-element elementor-element-23fa8f7\" data-id=\"23fa8f7\" data-element_type=\"column\">\n\t\t\t<div class=\"elementor-widget-wrap elementor-element-populated\">\n\t\t\t\t\t\t\t\t<div class=\"elementor-element elementor-element-752255c elementor-widget elementor-widget-image\" data-id=\"752255c\" data-element_type=\"widget\" data-widget_type=\"image.default\">\n\t\t\t\t<div class=\"elementor-widget-container\">\n\t\t\t\t\t\t\t\t\t\t\t\t\t\t\t<img decoding=\"async\" width=\"768\" height=\"1024\" src=\"https:\/\/skinlifeclinic.ee\/wp-content\/uploads\/2022\/02\/photo_2022-02-04_15-53-19-768x1024.jpg\" class=\"attachment-large size-large\" alt=\"\" srcset=\"https:\/\/skinlifeclinic.ee\/wp-content\/uploads\/2022\/02\/photo_2022-02-04_15-53-19-768x1024.jpg 768w, https:\/\/skinlifeclinic.ee\/wp-content\/uploads\/2022\/02\/photo_2022-02-04_15-53-19-225x300.jpg 225w, https:\/\/skinlifeclinic.ee\/wp-content\/uploads\/2022\/02\/photo_2022-02-04_15-53-19-9x12.jpg 9w, https:\/\/skinlifeclinic.ee\/wp-content\/uploads\/2022\/02\/photo_2022-02-04_15-53-19.jpg 960w\" sizes=\"(max-width: 768px) 100vw, 768px\" \/>\t\t\t\t\t\t\t\t\t\t\t\t\t\t\t<\/div>\n\t\t\t\t<\/div>\n\t\t\t\t\t<\/div>\n\t\t<\/div>\n\t\t\t\t\t\t\t<\/div>\n\t\t<\/section>\n\t\t\t\t\t\t\t<\/div>","protected":false},"excerpt":{"rendered":"<p>skin life clinic SKIN LIFE CLINIC IS A Distributors Skin Life Clinic is official distributor of Soskin Paris \u0421osmetics on the territory of the Baltics. \u00a0 Skin Life Clinic is official distributor of QMS Medicosmetics on the Estonia territory. Equipment Skin Life Clinic provides the opportunity to buy 1.QMS OXYGEN CONCENTRATOR MACHINE 2.POLLOGEN GENEO+ BY [&hellip;]<\/p>","protected":false},"author":1,"featured_media":0,"parent":0,"menu_order":0,"comment_status":"closed","ping_status":"closed","template":"","meta":{"footnotes":""},"class_list":["post-10940","page","type-page","status-publish","hentry"],"yoast_head":"<!-- This site is optimized with the Yoast SEO plugin v19.9 - https:\/\/yoast.com\/wordpress\/plugins\/seo\/ -->\n<title>partnership - Skin Life Clinic<\/title>\n<meta name=\"robots\" content=\"index, follow, max-snippet:-1, max-image-preview:large, max-video-preview:-1\" \/>\n<link rel=\"canonical\" href=\"https:\/\/skinlifeclinic.ee\/et\/partnership\/\" \/>\n<meta property=\"og:locale\" content=\"et_EE\" \/>\n<meta property=\"og:type\" content=\"article\" \/>\n<meta property=\"og:title\" content=\"partnership - Skin Life Clinic\" \/>\n<meta property=\"og:description\" content=\"skin life clinic SKIN LIFE CLINIC IS A Distributors Skin Life Clinic is official distributor of Soskin Paris \u0421osmetics on the territory of the Baltics. \u00a0 Skin Life Clinic is official distributor of QMS Medicosmetics on the Estonia territory. Equipment Skin Life Clinic provides the opportunity to buy 1.QMS OXYGEN CONCENTRATOR MACHINE 2.POLLOGEN GENEO+ BY [&hellip;]\" \/>\n<meta property=\"og:url\" content=\"https:\/\/skinlifeclinic.ee\/et\/partnership\/\" \/>\n<meta property=\"og:site_name\" content=\"Skin Life Clinic\" \/>\n<meta property=\"article:modified_time\" content=\"2022-11-07T09:50:38+00:00\" \/>\n<meta property=\"og:image\" content=\"https:\/\/skinlifeclinic.ee\/wp-content\/uploads\/2022\/02\/119072-14753493-1024x1024.jpg\" \/>\n<meta name=\"twitter:card\" content=\"summary_large_image\" \/>\n<meta name=\"twitter:label1\" content=\"Est. reading time\" \/>\n\t<meta name=\"twitter:data1\" content=\"2 minutit\" \/>\n<script type=\"application\/ld+json\" class=\"yoast-schema-graph\">{\"@context\":\"https:\/\/schema.org\",\"@graph\":[{\"@type\":\"WebPage\",\"@id\":\"https:\/\/skinlifeclinic.ee\/partnership\/\",\"url\":\"https:\/\/skinlifeclinic.ee\/partnership\/\",\"name\":\"partnership - Skin Life Clinic\",\"isPartOf\":{\"@id\":\"https:\/\/skinlifeclinic.ee\/#website\"},\"datePublished\":\"2022-02-04T13:26:31+00:00\",\"dateModified\":\"2022-11-07T09:50:38+00:00\",\"breadcrumb\":{\"@id\":\"https:\/\/skinlifeclinic.ee\/partnership\/#breadcrumb\"},\"inLanguage\":\"et\",\"potentialAction\":[{\"@type\":\"ReadAction\",\"target\":[\"https:\/\/skinlifeclinic.ee\/partnership\/\"]}]},{\"@type\":\"BreadcrumbList\",\"@id\":\"https:\/\/skinlifeclinic.ee\/partnership\/#breadcrumb\",\"itemListElement\":[{\"@type\":\"ListItem\",\"position\":1,\"name\":\"\u0413\u043b\u0430\u0432\u043d\u0430\u044f \u0441\u0442\u0440\u0430\u043d\u0438\u0446\u0430\",\"item\":\"https:\/\/skinlifeclinic.ee\/\"},{\"@type\":\"ListItem\",\"position\":2,\"name\":\"partnership\"}]},{\"@type\":\"WebSite\",\"@id\":\"https:\/\/skinlifeclinic.ee\/#website\",\"url\":\"https:\/\/skinlifeclinic.ee\/\",\"name\":\"Skin Life Clinic\",\"description\":\"beauty clinic\",\"publisher\":{\"@id\":\"https:\/\/skinlifeclinic.ee\/#organization\"},\"potentialAction\":[{\"@type\":\"SearchAction\",\"target\":{\"@type\":\"EntryPoint\",\"urlTemplate\":\"https:\/\/skinlifeclinic.ee\/?s={search_term_string}\"},\"query-input\":\"required name=search_term_string\"}],\"inLanguage\":\"et\"},{\"@type\":\"Organization\",\"@id\":\"https:\/\/skinlifeclinic.ee\/#organization\",\"name\":\"Skin Life Clinic\",\"url\":\"https:\/\/skinlifeclinic.ee\/\",\"logo\":{\"@type\":\"ImageObject\",\"inLanguage\":\"et\",\"@id\":\"https:\/\/skinlifeclinic.ee\/#\/schema\/logo\/image\/\",\"url\":\"https:\/\/skinlifeclinic.ee\/wp-content\/uploads\/2021\/10\/logo18.10.2021.png\",\"contentUrl\":\"https:\/\/skinlifeclinic.ee\/wp-content\/uploads\/2021\/10\/logo18.10.2021.png\",\"width\":2100,\"height\":1500,\"caption\":\"Skin Life Clinic\"},\"image\":{\"@id\":\"https:\/\/skinlifeclinic.ee\/#\/schema\/logo\/image\/\"}}]}<\/script>\n<!-- \/ Yoast SEO plugin. -->","yoast_head_json":{"title":"partnership - Skin Life Clinic","robots":{"index":"index","follow":"follow","max-snippet":"max-snippet:-1","max-image-preview":"max-image-preview:large","max-video-preview":"max-video-preview:-1"},"canonical":"https:\/\/skinlifeclinic.ee\/et\/partnership\/","og_locale":"et_EE","og_type":"article","og_title":"partnership - Skin Life Clinic","og_description":"skin life clinic SKIN LIFE CLINIC IS A Distributors Skin Life Clinic is official distributor of Soskin Paris \u0421osmetics on the territory of the Baltics. \u00a0 Skin Life Clinic is official distributor of QMS Medicosmetics on the Estonia territory. Equipment Skin Life Clinic provides the opportunity to buy 1.QMS OXYGEN CONCENTRATOR MACHINE 2.POLLOGEN GENEO+ BY [&hellip;]","og_url":"https:\/\/skinlifeclinic.ee\/et\/partnership\/","og_site_name":"Skin Life Clinic","article_modified_time":"2022-11-07T09:50:38+00:00","og_image":[{"url":"https:\/\/skinlifeclinic.ee\/wp-content\/uploads\/2022\/02\/119072-14753493-1024x1024.jpg"}],"twitter_card":"summary_large_image","twitter_misc":{"Est. reading time":"2 minutit"},"schema":{"@context":"https:\/\/schema.org","@graph":[{"@type":"WebPage","@id":"https:\/\/skinlifeclinic.ee\/partnership\/","url":"https:\/\/skinlifeclinic.ee\/partnership\/","name":"partnership - Skin Life Clinic","isPartOf":{"@id":"https:\/\/skinlifeclinic.ee\/#website"},"datePublished":"2022-02-04T13:26:31+00:00","dateModified":"2022-11-07T09:50:38+00:00","breadcrumb":{"@id":"https:\/\/skinlifeclinic.ee\/partnership\/#breadcrumb"},"inLanguage":"et","potentialAction":[{"@type":"ReadAction","target":["https:\/\/skinlifeclinic.ee\/partnership\/"]}]},{"@type":"BreadcrumbList","@id":"https:\/\/skinlifeclinic.ee\/partnership\/#breadcrumb","itemListElement":[{"@type":"ListItem","position":1,"name":"\u0413\u043b\u0430\u0432\u043d\u0430\u044f \u0441\u0442\u0440\u0430\u043d\u0438\u0446\u0430","item":"https:\/\/skinlifeclinic.ee\/"},{"@type":"ListItem","position":2,"name":"partnership"}]},{"@type":"WebSite","@id":"https:\/\/skinlifeclinic.ee\/#website","url":"https:\/\/skinlifeclinic.ee\/","name":"Skin Life Clinic","description":"beauty clinic","publisher":{"@id":"https:\/\/skinlifeclinic.ee\/#organization"},"potentialAction":[{"@type":"SearchAction","target":{"@type":"EntryPoint","urlTemplate":"https:\/\/skinlifeclinic.ee\/?s={search_term_string}"},"query-input":"required name=search_term_string"}],"inLanguage":"et"},{"@type":"Organization","@id":"https:\/\/skinlifeclinic.ee\/#organization","name":"Skin Life Clinic","url":"https:\/\/skinlifeclinic.ee\/","logo":{"@type":"ImageObject","inLanguage":"et","@id":"https:\/\/skinlifeclinic.ee\/#\/schema\/logo\/image\/","url":"https:\/\/skinlifeclinic.ee\/wp-content\/uploads\/2021\/10\/logo18.10.2021.png","contentUrl":"https:\/\/skinlifeclinic.ee\/wp-content\/uploads\/2021\/10\/logo18.10.2021.png","width":2100,"height":1500,"caption":"Skin Life Clinic"},"image":{"@id":"https:\/\/skinlifeclinic.ee\/#\/schema\/logo\/image\/"}}]}},"_links":{"self":[{"href":"https:\/\/skinlifeclinic.ee\/et\/wp-json\/wp\/v2\/pages\/10940","targetHints":{"allow":["GET"]}}],"collection":[{"href":"https:\/\/skinlifeclinic.ee\/et\/wp-json\/wp\/v2\/pages"}],"about":[{"href":"https:\/\/skinlifeclinic.ee\/et\/wp-json\/wp\/v2\/types\/page"}],"author":[{"embeddable":true,"href":"https:\/\/skinlifeclinic.ee\/et\/wp-json\/wp\/v2\/users\/1"}],"replies":[{"embeddable":true,"href":"https:\/\/skinlifeclinic.ee\/et\/wp-json\/wp\/v2\/comments?post=10940"}],"version-history":[{"count":50,"href":"https:\/\/skinlifeclinic.ee\/et\/wp-json\/wp\/v2\/pages\/10940\/revisions"}],"predecessor-version":[{"id":15485,"href":"https:\/\/skinlifeclinic.ee\/et\/wp-json\/wp\/v2\/pages\/10940\/revisions\/15485"}],"wp:attachment":[{"href":"https:\/\/skinlifeclinic.ee\/et\/wp-json\/wp\/v2\/media?parent=10940"}],"curies":[{"name":"wp","href":"https:\/\/api.w.org\/{rel}","templated":true}]}}