{"id":10293,"date":"2021-12-09T19:27:23","date_gmt":"2021-12-09T19:27:23","guid":{"rendered":"https:\/\/skinlifeclinic.ee\/?page_id=10293"},"modified":"2022-11-07T09:48:38","modified_gmt":"2022-11-07T09:48:38","slug":"our-rules","status":"publish","type":"page","link":"https:\/\/skinlifeclinic.ee\/et\/our-rules\/","title":{"rendered":"Meie reeglid"},"content":{"rendered":"<div data-elementor-type=\"wp-page\" data-elementor-id=\"10293\" class=\"elementor elementor-10293\">\n\t\t\t\t\t\t\t\t\t<section class=\"elementor-section elementor-top-section elementor-element elementor-element-afd72e0 elementor-section-boxed elementor-section-height-default elementor-section-height-default qodef-elementor-content-no\" data-id=\"afd72e0\" data-element_type=\"section\">\n\t\t\t\t\t\t<div class=\"elementor-container elementor-column-gap-default\">\n\t\t\t\t\t<div class=\"elementor-column elementor-col-100 elementor-top-column elementor-element elementor-element-8fa403d\" data-id=\"8fa403d\" data-element_type=\"column\">\n\t\t\t<div class=\"elementor-widget-wrap elementor-element-populated\">\n\t\t\t\t\t\t\t\t<div class=\"elementor-element elementor-element-b7d2612 elementor-widget elementor-widget-askka_core_section_title\" data-id=\"b7d2612\" data-element_type=\"widget\" data-widget_type=\"askka_core_section_title.default\">\n\t\t\t\t<div class=\"elementor-widget-container\">\n\t\t\t<div class=\"qodef-shortcode qodef-m  qodef-section-title qodef-alignment--center\"  >\n\t\t<var class=\"qodef-m-background-text\"  style=\"font-size: 100px;color: #C49758\">\n\t\t<span>gift cards.<\/span>\n\t<\/var>\n\t\t\t<h4 class=\"qodef-m-title\" >\n\t\t\t\t\tKinkekaardid\t\t\t<\/h4>\n\t<\/div>\n\t\t<\/div>\n\t\t\t\t<\/div>\n\t\t\t\t\t<\/div>\n\t\t<\/div>\n\t\t\t\t\t\t\t<\/div>\n\t\t<\/section>\n\t\t\t\t<section class=\"elementor-section elementor-top-section elementor-element elementor-element-6ec512a elementor-section-boxed elementor-section-height-default elementor-section-height-default qodef-elementor-content-no\" data-id=\"6ec512a\" data-element_type=\"section\">\n\t\t\t\t\t\t<div class=\"elementor-container elementor-column-gap-default\">\n\t\t\t\t\t<div class=\"elementor-column elementor-col-50 elementor-top-column elementor-element elementor-element-87092a2\" data-id=\"87092a2\" data-element_type=\"column\">\n\t\t\t<div class=\"elementor-widget-wrap elementor-element-populated\">\n\t\t\t\t\t\t\t\t<div class=\"elementor-element elementor-element-35019b8 elementor-widget elementor-widget-image\" data-id=\"35019b8\" data-element_type=\"widget\" data-widget_type=\"image.default\">\n\t\t\t\t<div class=\"elementor-widget-container\">\n\t\t\t<style>\/*! elementor - v3.6.5 - 27-04-2022 *\/\n.elementor-widget-image{text-align:center}.elementor-widget-image a{display:inline-block}.elementor-widget-image a img[src$=\".svg\"]{width:48px}.elementor-widget-image img{vertical-align:middle;display:inline-block}<\/style>\t\t\t\t\t\t\t\t\t\t\t\t<img decoding=\"async\" width=\"768\" height=\"1024\" src=\"https:\/\/skinlifeclinic.ee\/wp-content\/uploads\/2021\/12\/photo_2021-12-13_14-18-13-768x1024.jpg\" class=\"attachment-medium_large size-medium_large\" alt=\"\" srcset=\"https:\/\/skinlifeclinic.ee\/wp-content\/uploads\/2021\/12\/photo_2021-12-13_14-18-13-768x1024.jpg 768w, https:\/\/skinlifeclinic.ee\/wp-content\/uploads\/2021\/12\/photo_2021-12-13_14-18-13-225x300.jpg 225w, https:\/\/skinlifeclinic.ee\/wp-content\/uploads\/2021\/12\/photo_2021-12-13_14-18-13-9x12.jpg 9w, https:\/\/skinlifeclinic.ee\/wp-content\/uploads\/2021\/12\/photo_2021-12-13_14-18-13.jpg 960w\" sizes=\"(max-width: 768px) 100vw, 768px\" \/>\t\t\t\t\t\t\t\t\t\t\t\t\t\t\t<\/div>\n\t\t\t\t<\/div>\n\t\t\t\t\t<\/div>\n\t\t<\/div>\n\t\t\t\t<div class=\"elementor-column elementor-col-50 elementor-top-column elementor-element elementor-element-719bc13\" data-id=\"719bc13\" data-element_type=\"column\">\n\t\t\t<div class=\"elementor-widget-wrap elementor-element-populated\">\n\t\t\t\t\t\t\t\t<div class=\"elementor-element elementor-element-20e070c elementor-widget elementor-widget-text-editor\" data-id=\"20e070c\" data-element_type=\"widget\" data-widget_type=\"text-editor.default\">\n\t\t\t\t<div class=\"elementor-widget-container\">\n\t\t\t<style>\/*! elementor - v3.6.5 - 27-04-2022 *\/\n.elementor-widget-text-editor.elementor-drop-cap-view-stacked .elementor-drop-cap{background-color:#818a91;color:#fff}.elementor-widget-text-editor.elementor-drop-cap-view-framed .elementor-drop-cap{color:#818a91;border:3px solid;background-color:transparent}.elementor-widget-text-editor:not(.elementor-drop-cap-view-default) .elementor-drop-cap{margin-top:8px}.elementor-widget-text-editor:not(.elementor-drop-cap-view-default) .elementor-drop-cap-letter{width:1em;height:1em}.elementor-widget-text-editor .elementor-drop-cap{float:left;text-align:center;line-height:1;font-size:50px}.elementor-widget-text-editor .elementor-drop-cap-letter{display:inline-block}<\/style>\t\t\t\t<ul><li>Kinkekaarti v\u00f5ib kasutada maksevahendina kaardil m\u00e4rgitud summa ulatuses.<\/li><li>Kinkekaardiga protseduuri eest tasumiseks peaks kliendil olema kinkekaart kaasas.<\/li><li>Kinkekaarti ei saa vahetada sularaha vastu<\/li><li>Kui kinkekaardil m\u00e4rgitud summa on suurem kui hoolduse maksumus, ei kuulu vahe tagastamisele (sh kosmeetika).<\/li><li>Kaotatud kinkekaarti ei saa \u00fcmber vahetada ega tagastada.<\/li><li>Kinkekaardi kehtivus on m\u00e4rgitud esik\u00fcljele. Kinkekaardil m\u00e4rgitud teenuseid saab kasutada kinkekaardi kehtivusaja jooksul.<\/li><li>Kui kinkekaardil on m\u00e4rgitud teatud hooldused, on kliendil \u00f5igus kasutada kinkekaarti just nende hoolduste jaoks.<\/li><li>Kinkekaardil m\u00e4rgitud teenuseid ei saa vahetada.<\/li><li>Kinkekaardil m\u00e4rgitud hooldusi saab kasutada, kui on vabu aegu ja kohti.<\/li><li>Kinkekaart kehtib 4 kuud alates ostukuup\u00e4evast. P\u00e4rast kehtivusaja l\u00f5ppemist ei saa kinkekaarti enam kasutada ja kinkekaart loetakse kehtetuks.<\/li><\/ul>\t\t\t\t\t\t<\/div>\n\t\t\t\t<\/div>\n\t\t\t\t\t<\/div>\n\t\t<\/div>\n\t\t\t\t\t\t\t<\/div>\n\t\t<\/section>\n\t\t\t\t<section class=\"elementor-section elementor-top-section elementor-element elementor-element-d7e6bfb elementor-section-boxed elementor-section-height-default elementor-section-height-default qodef-elementor-content-no\" data-id=\"d7e6bfb\" data-element_type=\"section\">\n\t\t\t\t\t\t<div class=\"elementor-container elementor-column-gap-default\">\n\t\t\t\t\t<div class=\"elementor-column elementor-col-100 elementor-top-column elementor-element elementor-element-229f3ab\" data-id=\"229f3ab\" data-element_type=\"column\">\n\t\t\t<div class=\"elementor-widget-wrap elementor-element-populated\">\n\t\t\t\t\t\t\t\t<div class=\"elementor-element elementor-element-aceaa2b elementor-widget elementor-widget-askka_core_section_title\" data-id=\"aceaa2b\" data-element_type=\"widget\" data-widget_type=\"askka_core_section_title.default\">\n\t\t\t\t<div class=\"elementor-widget-container\">\n\t\t\t<div class=\"qodef-shortcode qodef-m  qodef-section-title qodef-alignment--center\"  >\n\t\t<var class=\"qodef-m-background-text\"  style=\"font-size: 100px;color: #C49758\">\n\t\t<span>packages.<\/span>\n\t<\/var>\n\t\t\t<h4 class=\"qodef-m-title\" >\n\t\t\t\t\thoolduskuurid\t\t\t<\/h4>\n\t<\/div>\n\t\t<\/div>\n\t\t\t\t<\/div>\n\t\t\t\t\t<\/div>\n\t\t<\/div>\n\t\t\t\t\t\t\t<\/div>\n\t\t<\/section>\n\t\t\t\t<section class=\"elementor-section elementor-top-section elementor-element elementor-element-f590155 elementor-section-boxed elementor-section-height-default elementor-section-height-default qodef-elementor-content-no\" data-id=\"f590155\" data-element_type=\"section\">\n\t\t\t\t\t\t<div class=\"elementor-container elementor-column-gap-default\">\n\t\t\t\t\t<div class=\"elementor-column elementor-col-50 elementor-top-column elementor-element elementor-element-165ed40\" data-id=\"165ed40\" data-element_type=\"column\">\n\t\t\t<div class=\"elementor-widget-wrap elementor-element-populated\">\n\t\t\t\t\t\t\t\t<div class=\"elementor-element elementor-element-d7d1702 elementor-widget elementor-widget-text-editor\" data-id=\"d7d1702\" data-element_type=\"widget\" data-widget_type=\"text-editor.default\">\n\t\t\t\t<div class=\"elementor-widget-container\">\n\t\t\t\t\t\t\t<ul><li>Hoolduskuurid on Teie isiklikud ja neid ei saa \u00fcle anda ega kasutada teised isikud<\/li><li>Hoolduskuuride eest tuleb tasuda vahetult enne esimest hooldust.<\/li><li>Kui te ei teavita meid oma t\u00fchistamisest v\u00f5i kui te j\u00e4tate hooldust ilma m\u00f5juva p\u00f5hjuseta vahele, ilma meid teavitamata, kaotate hooldust v\u00f5i oma raha.<\/li><li>Teie liikmekaardil m\u00e4rgitud hoolduskuuri ei saa vahetada.<\/li><\/ul>\t\t\t\t\t\t<\/div>\n\t\t\t\t<\/div>\n\t\t\t\t\t<\/div>\n\t\t<\/div>\n\t\t\t\t<div class=\"elementor-column elementor-col-50 elementor-top-column elementor-element elementor-element-c61aca5\" data-id=\"c61aca5\" data-element_type=\"column\">\n\t\t\t<div class=\"elementor-widget-wrap elementor-element-populated\">\n\t\t\t\t\t\t\t\t<div class=\"elementor-element elementor-element-d18405c elementor-widget elementor-widget-image\" data-id=\"d18405c\" data-element_type=\"widget\" data-widget_type=\"image.default\">\n\t\t\t\t<div class=\"elementor-widget-container\">\n\t\t\t\t\t\t\t\t\t\t\t\t\t\t\t<img decoding=\"async\" width=\"477\" height=\"512\" src=\"https:\/\/skinlifeclinic.ee\/wp-content\/uploads\/2021\/11\/unnamed.jpg\" class=\"attachment-1536x1536 size-1536x1536\" alt=\"\" srcset=\"https:\/\/skinlifeclinic.ee\/wp-content\/uploads\/2021\/11\/unnamed.jpg 477w, https:\/\/skinlifeclinic.ee\/wp-content\/uploads\/2021\/11\/unnamed-279x300.jpg 279w\" sizes=\"(max-width: 477px) 100vw, 477px\" \/>\t\t\t\t\t\t\t\t\t\t\t\t\t\t\t<\/div>\n\t\t\t\t<\/div>\n\t\t\t\t\t<\/div>\n\t\t<\/div>\n\t\t\t\t\t\t\t<\/div>\n\t\t<\/section>\n\t\t\t\t<section class=\"elementor-section elementor-top-section elementor-element elementor-element-92e0ca0 elementor-section-boxed elementor-section-height-default elementor-section-height-default qodef-elementor-content-no\" data-id=\"92e0ca0\" data-element_type=\"section\">\n\t\t\t\t\t\t<div class=\"elementor-container elementor-column-gap-default\">\n\t\t\t\t\t<div class=\"elementor-column elementor-col-100 elementor-top-column elementor-element elementor-element-cd12b9b\" data-id=\"cd12b9b\" data-element_type=\"column\">\n\t\t\t<div class=\"elementor-widget-wrap elementor-element-populated\">\n\t\t\t\t\t\t\t\t<div class=\"elementor-element elementor-element-1ab9e48 elementor-widget elementor-widget-text-editor\" data-id=\"1ab9e48\" data-element_type=\"widget\" data-widget_type=\"text-editor.default\">\n\t\t\t\t<div class=\"elementor-widget-container\">\n\t\t\t\t\t\t\t<ul><li>Hoolduskuuri kehtivusaeg on m\u00e4rgitud pakendi esik\u00fcljel. M\u00e4rgitud hooldusi v\u00f5ib kasutada kuuri kehtivusaja jooksul.<\/li><li>Makse suurus m\u00e4\u00e4ratakse kindlaks hinnakirjaga v\u00f5i eripakkumisega, ettev\u00f5tte teatud aja jooksul kehtiva allahindlusega.<\/li><li>Kui teil on spetsialisti valikul eelistused, arutage seda administraatoriga vastuv\u00f5tule registreerimisel.<\/li><li>Hoolduskuur kehtib 4 kuud alates ostukuup\u00e4evast. P\u00e4rast aegumiskuup\u00e4eva ei saa te enam kuuri kasutada ja hoolduskuurid muutuvad kehtetuks.<\/li><\/ul>\t\t\t\t\t\t<\/div>\n\t\t\t\t<\/div>\n\t\t\t\t\t<\/div>\n\t\t<\/div>\n\t\t\t\t\t\t\t<\/div>\n\t\t<\/section>\n\t\t\t\t<section class=\"elementor-section elementor-top-section elementor-element elementor-element-6159eab elementor-section-boxed elementor-section-height-default elementor-section-height-default qodef-elementor-content-no\" data-id=\"6159eab\" data-element_type=\"section\">\n\t\t\t\t\t\t<div class=\"elementor-container elementor-column-gap-default\">\n\t\t\t\t\t<div class=\"elementor-column elementor-col-100 elementor-top-column elementor-element elementor-element-f696198\" data-id=\"f696198\" data-element_type=\"column\">\n\t\t\t<div class=\"elementor-widget-wrap elementor-element-populated\">\n\t\t\t\t\t\t\t\t<div class=\"elementor-element elementor-element-17b18f0 elementor-widget elementor-widget-askka_core_section_title\" data-id=\"17b18f0\" data-element_type=\"widget\" data-widget_type=\"askka_core_section_title.default\">\n\t\t\t\t<div class=\"elementor-widget-container\">\n\t\t\t<div class=\"qodef-shortcode qodef-m  qodef-section-title qodef-alignment--center\"  >\n\t\t<var class=\"qodef-m-background-text\"  style=\"font-size: 100px;color: #C49758\">\n\t\t<span>clinic.<\/span>\n\t<\/var>\n\t\t\t<h4 class=\"qodef-m-title\" >\n\t\t\t\t\tkliinik\t\t\t<\/h4>\n\t\t<p class=\"qodef-m-text\" >Kliiniku k\u00e4itumisreeglid<\/p>\n<\/div>\n\t\t<\/div>\n\t\t\t\t<\/div>\n\t\t\t\t\t<\/div>\n\t\t<\/div>\n\t\t\t\t\t\t\t<\/div>\n\t\t<\/section>\n\t\t\t\t<section class=\"elementor-section elementor-top-section elementor-element elementor-element-82ccdc3 elementor-section-boxed elementor-section-height-default elementor-section-height-default qodef-elementor-content-no\" data-id=\"82ccdc3\" data-element_type=\"section\">\n\t\t\t\t\t\t<div class=\"elementor-container elementor-column-gap-default\">\n\t\t\t\t\t<div class=\"elementor-column elementor-col-50 elementor-top-column elementor-element elementor-element-b26f8dc\" data-id=\"b26f8dc\" data-element_type=\"column\">\n\t\t\t<div class=\"elementor-widget-wrap elementor-element-populated\">\n\t\t\t\t\t\t\t\t<div class=\"elementor-element elementor-element-23ae7c2 elementor-widget elementor-widget-image\" data-id=\"23ae7c2\" data-element_type=\"widget\" data-widget_type=\"image.default\">\n\t\t\t\t<div class=\"elementor-widget-container\">\n\t\t\t\t\t\t\t\t\t\t\t\t\t\t\t<img decoding=\"async\" src=\"https:\/\/skinlifeclinic.ee\/wp-content\/uploads\/elementor\/thumbs\/258887600_596645651546710_54862485149845365_n-phb67tfx7iaj9i2rajvqrmkbin02wau1p9wpqnb4ak.jpg\" title=\"258887600_596645651546710_54862485149845365_n\" alt=\"258887600_596645651546710_54862485149845365_n\" \/>\t\t\t\t\t\t\t\t\t\t\t\t\t\t\t<\/div>\n\t\t\t\t<\/div>\n\t\t\t\t\t<\/div>\n\t\t<\/div>\n\t\t\t\t<div class=\"elementor-column elementor-col-50 elementor-top-column elementor-element elementor-element-b325d64\" data-id=\"b325d64\" data-element_type=\"column\">\n\t\t\t<div class=\"elementor-widget-wrap elementor-element-populated\">\n\t\t\t\t\t\t\t\t<div class=\"elementor-element elementor-element-d88bc09 elementor-widget elementor-widget-text-editor\" data-id=\"d88bc09\" data-element_type=\"widget\" data-widget_type=\"text-editor.default\">\n\t\t\t\t<div class=\"elementor-widget-container\">\n\t\t\t\t\t\t\t<ul><li>Kui broneerite aja, tulge 5-10 minutit enne protseduuri algust, et spetsialist saaks \u00f5igeaegselt t\u00f6\u00f6le asuda, ilma et hilineksid hilisemad kliendid.<\/li><li>Anna v\u00e4hemalt 24 tundi ette, kui sa ei saa kohtumist telefoni v\u00f5i Instagrami kaudu kokku leppida.<\/li><li>Esitage kogu teile teadaolev teave terviseseisundite, haiguste ja allergiate kohta ning teavitage spetsialiste.<\/li><li>P\u00e4rast igat hooldust tasuge teenuste eest vastavalt arveldusarvele (kaardiga v\u00f5i sularahas). Skin Life Clinic ei paku teenuseid krediidiga.<\/li><li>Skin Life'i kliinikusse ei ole soovitatav tuua v\u00e4ikeseid lapsi. Kehtivad h\u00fcgieeni- ja k\u00e4itumisreeglid, mida v\u00e4ikese lapse on raske m\u00f5ista ja j\u00e4rgida. Me ei vastuta teie laste eest! Materiaalse kahju korral on Skin Life Clinicul \u00f5igus n\u00f5uda trahvi.<\/li><li>N\u00e4dalavahetuse (laup\u00e4ev-p\u00fchap\u00e4ev) broneeringu korral on Skin Life Clinic'il \u00f5igus n\u00f5uda ettemaksu 50% hoolduse hinnast.<\/li><li>Skin Life'i kliiniku k\u00fclastamine koos loomadega on rangelt keelatud.<\/li><li>Ruumidesse ei ole lubatud siseneda \u00fcleriietes ja jalan\u00f5udega.<\/li><\/ul>\t\t\t\t\t\t<\/div>\n\t\t\t\t<\/div>\n\t\t\t\t\t<\/div>\n\t\t<\/div>\n\t\t\t\t\t\t\t<\/div>\n\t\t<\/section>\n\t\t\t\t\t\t\t<\/div>","protected":false},"excerpt":{"rendered":"<p>gift cards. Gift cards A gift card can be used as a means of payment for the amount indicated on the card To pay for treatments using the gift card, the client should have it with him Gift card cannot be exchanged for cash If the amount indicated on the gift card is bigger than [&hellip;]<\/p>","protected":false},"author":1,"featured_media":0,"parent":0,"menu_order":0,"comment_status":"closed","ping_status":"closed","template":"elementor_header_footer","meta":{"footnotes":""},"class_list":["post-10293","page","type-page","status-publish","hentry"],"yoast_head":"<!-- This site is optimized with the Yoast SEO plugin v19.9 - https:\/\/yoast.com\/wordpress\/plugins\/seo\/ -->\n<title>Our rules - Skin Life Clinic<\/title>\n<meta name=\"robots\" content=\"index, follow, max-snippet:-1, max-image-preview:large, max-video-preview:-1\" \/>\n<link rel=\"canonical\" href=\"https:\/\/skinlifeclinic.ee\/et\/our-rules\/\" \/>\n<meta property=\"og:locale\" content=\"et_EE\" \/>\n<meta property=\"og:type\" content=\"article\" \/>\n<meta property=\"og:title\" content=\"Our rules - Skin Life Clinic\" \/>\n<meta property=\"og:description\" content=\"gift cards. Gift cards A gift card can be used as a means of payment for the amount indicated on the card To pay for treatments using the gift card, the client should have it with him Gift card cannot be exchanged for cash If the amount indicated on the gift card is bigger than [&hellip;]\" \/>\n<meta property=\"og:url\" content=\"https:\/\/skinlifeclinic.ee\/et\/our-rules\/\" \/>\n<meta property=\"og:site_name\" content=\"Skin Life Clinic\" \/>\n<meta property=\"article:modified_time\" content=\"2022-11-07T09:48:38+00:00\" \/>\n<meta property=\"og:image\" content=\"https:\/\/skinlifeclinic.ee\/wp-content\/uploads\/2021\/12\/photo_2021-12-13_14-18-13-768x1024.jpg\" \/>\n<meta name=\"twitter:card\" content=\"summary_large_image\" \/>\n<meta name=\"twitter:label1\" content=\"Est. reading time\" \/>\n\t<meta name=\"twitter:data1\" content=\"3 minutit\" \/>\n<script type=\"application\/ld+json\" class=\"yoast-schema-graph\">{\"@context\":\"https:\/\/schema.org\",\"@graph\":[{\"@type\":\"WebPage\",\"@id\":\"https:\/\/skinlifeclinic.ee\/our-rules\/\",\"url\":\"https:\/\/skinlifeclinic.ee\/our-rules\/\",\"name\":\"Our rules - Skin Life Clinic\",\"isPartOf\":{\"@id\":\"https:\/\/skinlifeclinic.ee\/#website\"},\"datePublished\":\"2021-12-09T19:27:23+00:00\",\"dateModified\":\"2022-11-07T09:48:38+00:00\",\"breadcrumb\":{\"@id\":\"https:\/\/skinlifeclinic.ee\/our-rules\/#breadcrumb\"},\"inLanguage\":\"et\",\"potentialAction\":[{\"@type\":\"ReadAction\",\"target\":[\"https:\/\/skinlifeclinic.ee\/our-rules\/\"]}]},{\"@type\":\"BreadcrumbList\",\"@id\":\"https:\/\/skinlifeclinic.ee\/our-rules\/#breadcrumb\",\"itemListElement\":[{\"@type\":\"ListItem\",\"position\":1,\"name\":\"\u0413\u043b\u0430\u0432\u043d\u0430\u044f \u0441\u0442\u0440\u0430\u043d\u0438\u0446\u0430\",\"item\":\"https:\/\/skinlifeclinic.ee\/\"},{\"@type\":\"ListItem\",\"position\":2,\"name\":\"Our rules\"}]},{\"@type\":\"WebSite\",\"@id\":\"https:\/\/skinlifeclinic.ee\/#website\",\"url\":\"https:\/\/skinlifeclinic.ee\/\",\"name\":\"Skin Life Clinic\",\"description\":\"beauty clinic\",\"publisher\":{\"@id\":\"https:\/\/skinlifeclinic.ee\/#organization\"},\"potentialAction\":[{\"@type\":\"SearchAction\",\"target\":{\"@type\":\"EntryPoint\",\"urlTemplate\":\"https:\/\/skinlifeclinic.ee\/?s={search_term_string}\"},\"query-input\":\"required name=search_term_string\"}],\"inLanguage\":\"et\"},{\"@type\":\"Organization\",\"@id\":\"https:\/\/skinlifeclinic.ee\/#organization\",\"name\":\"Skin Life Clinic\",\"url\":\"https:\/\/skinlifeclinic.ee\/\",\"logo\":{\"@type\":\"ImageObject\",\"inLanguage\":\"et\",\"@id\":\"https:\/\/skinlifeclinic.ee\/#\/schema\/logo\/image\/\",\"url\":\"https:\/\/skinlifeclinic.ee\/wp-content\/uploads\/2021\/10\/logo18.10.2021.png\",\"contentUrl\":\"https:\/\/skinlifeclinic.ee\/wp-content\/uploads\/2021\/10\/logo18.10.2021.png\",\"width\":2100,\"height\":1500,\"caption\":\"Skin Life Clinic\"},\"image\":{\"@id\":\"https:\/\/skinlifeclinic.ee\/#\/schema\/logo\/image\/\"}}]}<\/script>\n<!-- \/ Yoast SEO plugin. -->","yoast_head_json":{"title":"Our rules - Skin Life Clinic","robots":{"index":"index","follow":"follow","max-snippet":"max-snippet:-1","max-image-preview":"max-image-preview:large","max-video-preview":"max-video-preview:-1"},"canonical":"https:\/\/skinlifeclinic.ee\/et\/our-rules\/","og_locale":"et_EE","og_type":"article","og_title":"Our rules - Skin Life Clinic","og_description":"gift cards. Gift cards A gift card can be used as a means of payment for the amount indicated on the card To pay for treatments using the gift card, the client should have it with him Gift card cannot be exchanged for cash If the amount indicated on the gift card is bigger than [&hellip;]","og_url":"https:\/\/skinlifeclinic.ee\/et\/our-rules\/","og_site_name":"Skin Life Clinic","article_modified_time":"2022-11-07T09:48:38+00:00","og_image":[{"url":"https:\/\/skinlifeclinic.ee\/wp-content\/uploads\/2021\/12\/photo_2021-12-13_14-18-13-768x1024.jpg"}],"twitter_card":"summary_large_image","twitter_misc":{"Est. reading time":"3 minutit"},"schema":{"@context":"https:\/\/schema.org","@graph":[{"@type":"WebPage","@id":"https:\/\/skinlifeclinic.ee\/our-rules\/","url":"https:\/\/skinlifeclinic.ee\/our-rules\/","name":"Our rules - Skin Life Clinic","isPartOf":{"@id":"https:\/\/skinlifeclinic.ee\/#website"},"datePublished":"2021-12-09T19:27:23+00:00","dateModified":"2022-11-07T09:48:38+00:00","breadcrumb":{"@id":"https:\/\/skinlifeclinic.ee\/our-rules\/#breadcrumb"},"inLanguage":"et","potentialAction":[{"@type":"ReadAction","target":["https:\/\/skinlifeclinic.ee\/our-rules\/"]}]},{"@type":"BreadcrumbList","@id":"https:\/\/skinlifeclinic.ee\/our-rules\/#breadcrumb","itemListElement":[{"@type":"ListItem","position":1,"name":"\u0413\u043b\u0430\u0432\u043d\u0430\u044f \u0441\u0442\u0440\u0430\u043d\u0438\u0446\u0430","item":"https:\/\/skinlifeclinic.ee\/"},{"@type":"ListItem","position":2,"name":"Our rules"}]},{"@type":"WebSite","@id":"https:\/\/skinlifeclinic.ee\/#website","url":"https:\/\/skinlifeclinic.ee\/","name":"Skin Life Clinic","description":"beauty clinic","publisher":{"@id":"https:\/\/skinlifeclinic.ee\/#organization"},"potentialAction":[{"@type":"SearchAction","target":{"@type":"EntryPoint","urlTemplate":"https:\/\/skinlifeclinic.ee\/?s={search_term_string}"},"query-input":"required name=search_term_string"}],"inLanguage":"et"},{"@type":"Organization","@id":"https:\/\/skinlifeclinic.ee\/#organization","name":"Skin Life Clinic","url":"https:\/\/skinlifeclinic.ee\/","logo":{"@type":"ImageObject","inLanguage":"et","@id":"https:\/\/skinlifeclinic.ee\/#\/schema\/logo\/image\/","url":"https:\/\/skinlifeclinic.ee\/wp-content\/uploads\/2021\/10\/logo18.10.2021.png","contentUrl":"https:\/\/skinlifeclinic.ee\/wp-content\/uploads\/2021\/10\/logo18.10.2021.png","width":2100,"height":1500,"caption":"Skin Life Clinic"},"image":{"@id":"https:\/\/skinlifeclinic.ee\/#\/schema\/logo\/image\/"}}]}},"_links":{"self":[{"href":"https:\/\/skinlifeclinic.ee\/et\/wp-json\/wp\/v2\/pages\/10293","targetHints":{"allow":["GET"]}}],"collection":[{"href":"https:\/\/skinlifeclinic.ee\/et\/wp-json\/wp\/v2\/pages"}],"about":[{"href":"https:\/\/skinlifeclinic.ee\/et\/wp-json\/wp\/v2\/types\/page"}],"author":[{"embeddable":true,"href":"https:\/\/skinlifeclinic.ee\/et\/wp-json\/wp\/v2\/users\/1"}],"replies":[{"embeddable":true,"href":"https:\/\/skinlifeclinic.ee\/et\/wp-json\/wp\/v2\/comments?post=10293"}],"version-history":[{"count":31,"href":"https:\/\/skinlifeclinic.ee\/et\/wp-json\/wp\/v2\/pages\/10293\/revisions"}],"predecessor-version":[{"id":15472,"href":"https:\/\/skinlifeclinic.ee\/et\/wp-json\/wp\/v2\/pages\/10293\/revisions\/15472"}],"wp:attachment":[{"href":"https:\/\/skinlifeclinic.ee\/et\/wp-json\/wp\/v2\/media?parent=10293"}],"curies":[{"name":"wp","href":"https:\/\/api.w.org\/{rel}","templated":true}]}}